{"id":16903,"date":"2025-11-13T10:14:40","date_gmt":"2025-11-13T10:14:40","guid":{"rendered":"https:\/\/zitromac.com\/perles-de-fraises\/"},"modified":"2026-03-24T08:10:57","modified_gmt":"2026-03-24T08:10:57","slug":"perles-de-fraises","status":"publish","type":"page","link":"https:\/\/zitromac.com\/fr\/produits\/perles-aromatisees\/perles-de-fraises\/","title":{"rendered":"PERLES DE FRAISES"},"content":{"rendered":"\t\t<div data-elementor-type=\"wp-page\" data-elementor-id=\"16903\" class=\"elementor elementor-16903 elementor-1159\" data-elementor-post-type=\"page\">\n\t\t\t\t<div class=\"elementor-element elementor-element-457fb6ff e-flex e-con-boxed e-con e-parent\" data-id=\"457fb6ff\" data-element_type=\"container\" data-e-type=\"container\">\n\t\t\t\t\t<div class=\"e-con-inner\">\n\t\t<div class=\"elementor-element elementor-element-2d65225e e-con-full e-flex e-con e-child\" data-id=\"2d65225e\" data-element_type=\"container\" data-e-type=\"container\">\n\t\t\t\t<div class=\"elementor-element elementor-element-f8350ac elementor-widget elementor-widget-zmac_side_gallery\" data-id=\"f8350ac\" data-element_type=\"widget\" data-e-type=\"widget\" data-widget_type=\"zmac_side_gallery.default\">\n\t\t\t\t<div class=\"elementor-widget-container\">\n\t\t\t\t\t<div class=\"zmac-esg\" id=\"zmac_esg_1\" style=\"--zmac-aspect:1\/1; --zmac-fit:contain;\" data-zmac-esg='{&quot;activeId&quot;:801}'><div class=\"zmac-esg__thumbs\" role=\"list\" aria-label=\"Miniaturas\"><button type=\"button\" class=\"zmac-esg__thumb is-active\" role=\"listitem\" data-id=\"801\" data-src=\"https:\/\/zitromac.com\/wp-content\/uploads\/2025\/10\/fresa_bote_perla-copia-e1761749796463.webp\" data-srcset=\"https:\/\/zitromac.com\/wp-content\/uploads\/2025\/10\/fresa_bote_perla-copia-e1761749796463.webp 800w, https:\/\/zitromac.com\/wp-content\/uploads\/2025\/10\/fresa_bote_perla-copia-e1761749796463-300x300.webp 300w, https:\/\/zitromac.com\/wp-content\/uploads\/2025\/10\/fresa_bote_perla-copia-e1761749796463-100x100.webp 100w, https:\/\/zitromac.com\/wp-content\/uploads\/2025\/10\/fresa_bote_perla-copia-e1761749796463-600x600.webp 600w, https:\/\/zitromac.com\/wp-content\/uploads\/2025\/10\/fresa_bote_perla-copia-e1761749796463-150x150.webp 150w, https:\/\/zitromac.com\/wp-content\/uploads\/2025\/10\/fresa_bote_perla-copia-e1761749796463-768x768.webp 768w\" data-sizes=\"(max-width: 800px) 100vw, 800px\" data-alt=\"\" aria-pressed=\"true\" aria-label=\"Ver imagen\"><img loading=\"lazy\" decoding=\"async\" width=\"150\" height=\"150\" src=\"https:\/\/zitromac.com\/wp-content\/uploads\/2025\/10\/fresa_bote_perla-copia-e1761749796463-150x150.webp\" class=\"zmac-esg__thumb-img\" alt=\"\" loading=\"lazy\" srcset=\"https:\/\/zitromac.com\/wp-content\/uploads\/2025\/10\/fresa_bote_perla-copia-e1761749796463-150x150.webp 150w, https:\/\/zitromac.com\/wp-content\/uploads\/2025\/10\/fresa_bote_perla-copia-e1761749796463-300x300.webp 300w, https:\/\/zitromac.com\/wp-content\/uploads\/2025\/10\/fresa_bote_perla-copia-e1761749796463-100x100.webp 100w, https:\/\/zitromac.com\/wp-content\/uploads\/2025\/10\/fresa_bote_perla-copia-e1761749796463-600x600.webp 600w, https:\/\/zitromac.com\/wp-content\/uploads\/2025\/10\/fresa_bote_perla-copia-e1761749796463-768x768.webp 768w, https:\/\/zitromac.com\/wp-content\/uploads\/2025\/10\/fresa_bote_perla-copia-e1761749796463.webp 800w\" sizes=\"auto, (max-width: 150px) 100vw, 150px\" \/><\/button><button type=\"button\" class=\"zmac-esg__thumb \" role=\"listitem\" data-id=\"13549\" data-src=\"https:\/\/zitromac.com\/wp-content\/uploads\/2026\/01\/fresa_bodegon_perla-copia-e1772726282236.webp\" data-srcset=\"https:\/\/zitromac.com\/wp-content\/uploads\/2026\/01\/fresa_bodegon_perla-copia-e1772726282236.webp 986w, https:\/\/zitromac.com\/wp-content\/uploads\/2026\/01\/fresa_bodegon_perla-copia-e1772726282236-300x300.webp 300w, https:\/\/zitromac.com\/wp-content\/uploads\/2026\/01\/fresa_bodegon_perla-copia-e1772726282236-150x150.webp 150w, https:\/\/zitromac.com\/wp-content\/uploads\/2026\/01\/fresa_bodegon_perla-copia-e1772726282236-768x768.webp 768w\" data-sizes=\"(max-width: 800px) 100vw, 800px\" data-alt=\"\" aria-pressed=\"false\" aria-label=\"Ver imagen\"><img loading=\"lazy\" decoding=\"async\" width=\"150\" height=\"150\" src=\"https:\/\/zitromac.com\/wp-content\/uploads\/2026\/01\/fresa_bodegon_perla-copia-e1772726282236-150x150.webp\" class=\"zmac-esg__thumb-img\" alt=\"\" loading=\"lazy\" srcset=\"https:\/\/zitromac.com\/wp-content\/uploads\/2026\/01\/fresa_bodegon_perla-copia-e1772726282236-150x150.webp 150w, https:\/\/zitromac.com\/wp-content\/uploads\/2026\/01\/fresa_bodegon_perla-copia-e1772726282236-300x300.webp 300w, https:\/\/zitromac.com\/wp-content\/uploads\/2026\/01\/fresa_bodegon_perla-copia-e1772726282236-768x768.webp 768w, https:\/\/zitromac.com\/wp-content\/uploads\/2026\/01\/fresa_bodegon_perla-copia-e1772726282236.webp 986w\" sizes=\"auto, (max-width: 150px) 100vw, 150px\" \/><\/button><button type=\"button\" class=\"zmac-esg__thumb \" role=\"listitem\" data-id=\"14727\" data-src=\"https:\/\/zitromac.com\/wp-content\/uploads\/2026\/03\/perlas-de-fresa-zitromac.jpg\" data-srcset=\"https:\/\/zitromac.com\/wp-content\/uploads\/2026\/03\/perlas-de-fresa-zitromac.jpg 1024w, https:\/\/zitromac.com\/wp-content\/uploads\/2026\/03\/perlas-de-fresa-zitromac-300x300.jpg 300w, https:\/\/zitromac.com\/wp-content\/uploads\/2026\/03\/perlas-de-fresa-zitromac-150x150.jpg 150w, https:\/\/zitromac.com\/wp-content\/uploads\/2026\/03\/perlas-de-fresa-zitromac-768x768.jpg 768w\" data-sizes=\"(max-width: 800px) 100vw, 800px\" data-alt=\"\" aria-pressed=\"false\" aria-label=\"Ver imagen\"><img loading=\"lazy\" decoding=\"async\" width=\"150\" height=\"150\" src=\"https:\/\/zitromac.com\/wp-content\/uploads\/2026\/03\/perlas-de-fresa-zitromac-150x150.jpg\" class=\"zmac-esg__thumb-img\" alt=\"\" loading=\"lazy\" srcset=\"https:\/\/zitromac.com\/wp-content\/uploads\/2026\/03\/perlas-de-fresa-zitromac-150x150.jpg 150w, https:\/\/zitromac.com\/wp-content\/uploads\/2026\/03\/perlas-de-fresa-zitromac-300x300.jpg 300w, https:\/\/zitromac.com\/wp-content\/uploads\/2026\/03\/perlas-de-fresa-zitromac-768x768.jpg 768w, https:\/\/zitromac.com\/wp-content\/uploads\/2026\/03\/perlas-de-fresa-zitromac.jpg 1024w\" sizes=\"auto, (max-width: 150px) 100vw, 150px\" \/><\/button><\/div><div class=\"zmac-esg__main\">  <div class=\"zmac-esg__main-inner\" aria-live=\"polite\"><img fetchpriority=\"high\" width=\"800\" height=\"800\" src=\"https:\/\/zitromac.com\/wp-content\/uploads\/2025\/10\/fresa_bote_perla-copia-e1761749796463.webp\" class=\"zmac-esg__main-img\" alt=\"\" loading=\"eager\" decoding=\"async\" srcset=\"https:\/\/zitromac.com\/wp-content\/uploads\/2025\/10\/fresa_bote_perla-copia-e1761749796463.webp 800w, https:\/\/zitromac.com\/wp-content\/uploads\/2025\/10\/fresa_bote_perla-copia-e1761749796463-300x300.webp 300w, https:\/\/zitromac.com\/wp-content\/uploads\/2025\/10\/fresa_bote_perla-copia-e1761749796463-100x100.webp 100w, https:\/\/zitromac.com\/wp-content\/uploads\/2025\/10\/fresa_bote_perla-copia-e1761749796463-600x600.webp 600w, https:\/\/zitromac.com\/wp-content\/uploads\/2025\/10\/fresa_bote_perla-copia-e1761749796463-150x150.webp 150w, https:\/\/zitromac.com\/wp-content\/uploads\/2025\/10\/fresa_bote_perla-copia-e1761749796463-768x768.webp 768w\" sizes=\"(max-width: 800px) 100vw, 800px\" \/>  <\/div><\/div><\/div>\t\t\t\t<\/div>\n\t\t\t\t<\/div>\n\t\t\t\t<\/div>\n\t\t<div class=\"elementor-element elementor-element-5e118608 e-con-full e-flex e-con e-child\" data-id=\"5e118608\" data-element_type=\"container\" data-e-type=\"container\">\n\t\t\t\t<div class=\"elementor-element elementor-element-1de9cf9c elementor-widget elementor-widget-text-editor\" data-id=\"1de9cf9c\" data-element_type=\"widget\" data-e-type=\"widget\" data-widget_type=\"text-editor.default\">\n\t\t\t\t\t\t\t\t\tPERLES<br>FRAISE\t\t\t\t\t\t\t\t<\/div>\n\t\t\t\t<div class=\"elementor-element elementor-element-165fcfaa elementor-widget elementor-widget-text-editor\" data-id=\"165fcfaa\" data-element_type=\"widget\" data-e-type=\"widget\" data-widget_type=\"text-editor.default\">\n\t\t\t\t\t\t\t\t\t<p>Les perles de Zitromac conf\u00e8rent au plat un effet diff\u00e9renciateur par rapport aux autres plats. Rassasiant et plein de vitamines, de fibres et de min\u00e9raux, il est \u00e9galement une source d&rsquo;antioxydants naturels gr\u00e2ce aux algues.<\/p><p> <\/p><p>Faciles \u00e0 utiliser, ils sont pr\u00e9sent\u00e9s en pots et vous pouvez en utiliser autant que vous le souhaitez.<\/p><p> <\/p><p>Osez-vous les essayer ?<\/p>\t\t\t\t\t\t\t\t<\/div>\n\t\t\t\t<div class=\"elementor-element elementor-element-f3c408a elementor-widget elementor-widget-html\" data-id=\"f3c408a\" data-element_type=\"widget\" data-e-type=\"widget\" data-widget_type=\"html.default\">\n\t\t\t\t\t<div class=\"buy-options\">\n\n  <a href=\"https:\/\/www.amazon.es\/concentrada-decoraci%C3%B3n-ensaladas-bebidas-calidad\/dp\/B08774JBFJ?ref_=ast_sto_dp&amp;th=1\" class=\"buy-card buy-card--black\">\n    <div class=\"buy-card__info\">\n      <span class=\"buy-card__title\">Pot de 180g<\/span>\n      <span class=\"buy-card__units\">(160 - 180 sph\u00e8res)<\/span>\n    <\/div>\n    <span class=\"buy-card__cta\">Acheter<\/span>\n  <\/a>\n  <\/div>\t\t\t\t<\/div>\n\t\t\t\t<\/div>\n\t\t\t\t\t<\/div>\n\t\t\t\t<\/div>\n\t\t<div class=\"elementor-element elementor-element-6a34e9b7 e-flex e-con-boxed e-con e-parent\" data-id=\"6a34e9b7\" data-element_type=\"container\" data-e-type=\"container\">\n\t\t\t\t\t<div class=\"e-con-inner\">\n\t\t<div class=\"elementor-element elementor-element-72c20287 e-con-full e-flex e-con e-child\" data-id=\"72c20287\" data-element_type=\"container\" data-e-type=\"container\">\n\t\t\t\t<div class=\"elementor-element elementor-element-185ff772 elementor-widget__width-auto elementor-widget-tablet__width-initial elementor-widget elementor-widget-text-editor\" data-id=\"185ff772\" data-element_type=\"widget\" data-e-type=\"widget\" data-widget_type=\"text-editor.default\">\n\t\t\t\t\t\t\t\t\t<p>DESCRIPTION<\/p>\t\t\t\t\t\t\t\t<\/div>\n\t\t\t\t<div class=\"elementor-element elementor-element-7925d867 elementor-widget-divider--view-line elementor-widget elementor-widget-divider\" data-id=\"7925d867\" data-element_type=\"widget\" data-e-type=\"widget\" data-widget_type=\"divider.default\">\n\t\t\t\t\t\t\t<div class=\"elementor-divider\">\n\t\t\t<span class=\"elementor-divider-separator\">\n\t\t\t\t\t\t<\/span>\n\t\t<\/div>\n\t\t\t\t\t\t<\/div>\n\t\t\t\t<\/div>\n\t\t\t\t<div class=\"elementor-element elementor-element-8aa138d elementor-widget elementor-widget-text-editor\" data-id=\"8aa138d\" data-element_type=\"widget\" data-e-type=\"widget\" data-widget_type=\"text-editor.default\">\n\t\t\t\t\t\t\t\t\t<p>PERFECT SERVE STRAWBERRY PEARLS - Ajoutez une saveur de fruit d&rsquo;une mani\u00e8re diff\u00e9rente. De 4% \u00e0 11% de pulpe de fraise. Dans une boisson m\u00e9lang\u00e9e, nos perles flottent et donnent un aspect app\u00e9tissant et accrocheur.<\/p><p> <\/p><p>Elle peut \u00eatre utilis\u00e9e comme d\u00e9coration gr\u00e2ce \u00e0 la forme circulaire de la perle, elle d\u00e9core et colore un plat, une tapa ou m\u00eame un verre, en apportant une explosion de saveur en bouche.<\/p><p> <\/p><p>Il convient \u00e9galement tr\u00e8s bien pour d\u00e9corer vos cocktails ou pour les Gin &amp; Tonics \u00e0 base de gins ros\u00e9s, pour donner une touche diff\u00e9rente \u00e0 vos salades, cr\u00e8mes froides, vinaigrettes, garnitures, th\u00e9s, infusions&#8230; Donnez vie \u00e0 votre imagination !<\/p><p> <\/p><p>STOCKAGE ET CONSERVATION - Les perles sont conserv\u00e9es dans un \u00ab\u00a0liquide directeur\u00a0\u00bb, qui est exactement le m\u00eame que celui utilis\u00e9 pour produire les sph\u00e9rifications. Avec cette m\u00e9thode, nous obtenons que les perles aient une consommation pr\u00e9f\u00e9rentielle de 1,5 ans ferm\u00e9es et de 45 jours ouvertes au r\u00e9frig\u00e9rateur et qu&rsquo;elles supportent des temp\u00e9ratures de 60\u00ba de chaleur et de -5\u00ba de froid.<\/p><p> <\/p><p>Lorsque vous ouvrirez le bocal, vous constaterez que les perles s&rsquo;en d\u00e9tachent parfaitement et que ce liquide peut \u00e9galement \u00eatre utilis\u00e9 dans vos cr\u00e9ations gastronomiques. Profitez-en !<\/p><p> <\/p><p>ZITROMAC, ENTREPRISE - Zitromac est une entreprise innovante du secteur agroalimentaire qui se consacre \u00e0 la transformation des fruits dans diff\u00e9rents formats, n\u00e9e dans le but d&rsquo;\u00eatre un support pour le canal HORECA, pour l&rsquo;industrie alimentaire et m\u00eame pour le consommateur final. Avec le soutien du Centre national de technologie et de s\u00e9curit\u00e9 alimentaire (CNTA), nous avons d\u00e9velopp\u00e9 une ligne de R&amp;D pour lancer une s\u00e9rie de nouveaux produits sur le march\u00e9.<\/p><p> <\/p><p>ZITROMAC, PRODUITS - Zitromac propose six cat\u00e9gories de produits diff\u00e9rentes : Fruits s\u00e9ch\u00e9s, fruits lyophilis\u00e9s, poudre de fruits, fruits coup\u00e9s, perles et jus naturels.<\/p><p> <\/p><p>ZITROMAC, PEARL PRODUCTS - Les perles comprennent : Perles de fraise, perles de citron vert, perles de citron, perles de mojito, perles de mangue, perles d&rsquo;huile d&rsquo;olive, perles de vinaigre balsamique, que vous pouvez acheter sur Amazon.<\/p>\t\t\t\t\t\t\t\t<\/div>\n\t\t<div class=\"elementor-element elementor-element-43842b50 e-con-full e-flex e-con e-child\" data-id=\"43842b50\" data-element_type=\"container\" data-e-type=\"container\">\n\t\t\t\t<div class=\"elementor-element elementor-element-eff9287 elementor-widget__width-initial elementor-widget-tablet__width-inherit elementor-widget elementor-widget-text-editor\" data-id=\"eff9287\" data-element_type=\"widget\" data-e-type=\"widget\" data-widget_type=\"text-editor.default\">\n\t\t\t\t\t\t\t\t\t<p>PRODUITS APPARENT\u00c9S<\/p>\t\t\t\t\t\t\t\t<\/div>\n\t\t\t\t<div class=\"elementor-element elementor-element-2592cc24 elementor-hidden-tablet elementor-hidden-mobile elementor-widget-divider--view-line elementor-widget elementor-widget-divider\" data-id=\"2592cc24\" data-element_type=\"widget\" data-e-type=\"widget\" data-widget_type=\"divider.default\">\n\t\t\t\t\t\t\t<div class=\"elementor-divider\">\n\t\t\t<span class=\"elementor-divider-separator\">\n\t\t\t\t\t\t<\/span>\n\t\t<\/div>\n\t\t\t\t\t\t<\/div>\n\t\t\t\t<\/div>\n\t\t<div class=\"elementor-element elementor-element-4c83506 e-con-full e-flex e-con e-child\" data-id=\"4c83506\" data-element_type=\"container\" data-e-type=\"container\">\n\t\t\t\t<div class=\"elementor-element elementor-element-d70e470 elementor-widget elementor-widget-shortcode\" data-id=\"d70e470\" data-element_type=\"widget\" data-e-type=\"widget\" data-widget_type=\"shortcode.default\">\n\t\t\t\t\t\t\t<div class=\"elementor-shortcode\"><\/div>\n\t\t\t\t\t\t<\/div>\n\t\t\t\t<\/div>\n\t\t\t\t\t<\/div>\n\t\t\t\t<\/div>\n\t\t\t\t<\/div>\n\t\t","protected":false},"excerpt":{"rendered":"<p>PERLESFRAISE Les perles de Zitromac conf\u00e8rent au plat un effet diff\u00e9renciateur par rapport aux autres plats. Rassasiant et plein de vitamines, de fibres et de min\u00e9raux, il est \u00e9galement une source d&rsquo;antioxydants naturels gr\u00e2ce aux algues. Faciles \u00e0 utiliser, ils sont pr\u00e9sent\u00e9s en pots et vous pouvez en utiliser autant que vous le souhaitez. Osez-vous [&hellip;]<\/p>\n","protected":false},"author":1,"featured_media":16904,"parent":17317,"menu_order":0,"comment_status":"closed","ping_status":"closed","template":"elementor_header_footer","meta":{"footnotes":""},"categories":[153],"class_list":["post-16903","page","type-page","status-publish","has-post-thumbnail","hentry","category-perles-aromatisees"],"yoast_head":"<!-- This site is optimized with the Yoast SEO plugin v27.3 - https:\/\/yoast.com\/product\/yoast-seo-wordpress\/ -->\n<title>PERLES DE FRAISES% % - D\u00e9veloppement de Zitromac% D\u00e9veloppement de Zitromac%.<\/title>\n<meta name=\"robots\" content=\"index, follow, max-snippet:-1, max-image-preview:large, max-video-preview:-1\" \/>\n<link rel=\"canonical\" href=\"https:\/\/zitromac.com\/fr\/produits\/perles-aromatisees\/perles-de-fraises\/\" \/>\n<meta property=\"og:locale\" content=\"fr_FR\" \/>\n<meta property=\"og:type\" content=\"article\" \/>\n<meta property=\"og:title\" content=\"PERLES DE FRAISES% % - D\u00e9veloppement de Zitromac% D\u00e9veloppement de Zitromac%.\" \/>\n<meta property=\"og:description\" content=\"PERLESFRAISE Les perles de Zitromac conf\u00e8rent au plat un effet diff\u00e9renciateur par rapport aux autres plats. Rassasiant et plein de vitamines, de fibres et de min\u00e9raux, il est \u00e9galement une source d&rsquo;antioxydants naturels gr\u00e2ce aux algues. Faciles \u00e0 utiliser, ils sont pr\u00e9sent\u00e9s en pots et vous pouvez en utiliser autant que vous le souhaitez. Osez-vous [&hellip;]\" \/>\n<meta property=\"og:url\" content=\"https:\/\/zitromac.com\/fr\/produits\/perles-aromatisees\/perles-de-fraises\/\" \/>\n<meta property=\"og:site_name\" content=\"D\u00e9veloppement de Zitromac\" \/>\n<meta property=\"article:publisher\" content=\"https:\/\/www.facebook.com\/ZitromacSolucionesCitricas#\" \/>\n<meta property=\"article:modified_time\" content=\"2026-03-24T08:10:57+00:00\" \/>\n<meta property=\"og:image\" content=\"https:\/\/zitromac.com\/wp-content\/uploads\/2025\/11\/fresa_bodegon_perla-copia-e1768822641400.webp\" \/>\n\t<meta property=\"og:image:width\" content=\"983\" \/>\n\t<meta property=\"og:image:height\" content=\"980\" \/>\n\t<meta property=\"og:image:type\" content=\"image\/webp\" \/>\n<meta name=\"twitter:card\" content=\"summary_large_image\" \/>\n<meta name=\"twitter:label1\" content=\"Dur\u00e9e de lecture estim\u00e9e\" \/>\n\t<meta name=\"twitter:data1\" content=\"2 minutes\" \/>\n<script type=\"application\/ld+json\" class=\"yoast-schema-graph\">{\"@context\":\"https:\\\/\\\/schema.org\",\"@graph\":[{\"@type\":\"WebPage\",\"@id\":\"https:\\\/\\\/zitromac.com\\\/fr\\\/produits\\\/perles-aromatisees\\\/perles-de-fraises\\\/\",\"url\":\"https:\\\/\\\/zitromac.com\\\/fr\\\/produits\\\/perles-aromatisees\\\/perles-de-fraises\\\/\",\"name\":\"PERLES DE FRAISES% % - D\u00e9veloppement de Zitromac% D\u00e9veloppement de Zitromac%.\",\"isPartOf\":{\"@id\":\"https:\\\/\\\/zitromac.com\\\/fr\\\/#website\"},\"primaryImageOfPage\":{\"@id\":\"https:\\\/\\\/zitromac.com\\\/fr\\\/produits\\\/perles-aromatisees\\\/perles-de-fraises\\\/#primaryimage\"},\"image\":{\"@id\":\"https:\\\/\\\/zitromac.com\\\/fr\\\/produits\\\/perles-aromatisees\\\/perles-de-fraises\\\/#primaryimage\"},\"thumbnailUrl\":\"https:\\\/\\\/zitromac.com\\\/wp-content\\\/uploads\\\/2025\\\/11\\\/fresa_bodegon_perla-copia-e1768822641400.webp\",\"datePublished\":\"2025-11-13T10:14:40+00:00\",\"dateModified\":\"2026-03-24T08:10:57+00:00\",\"breadcrumb\":{\"@id\":\"https:\\\/\\\/zitromac.com\\\/fr\\\/produits\\\/perles-aromatisees\\\/perles-de-fraises\\\/#breadcrumb\"},\"inLanguage\":\"fr-FR\",\"potentialAction\":[{\"@type\":\"ReadAction\",\"target\":[\"https:\\\/\\\/zitromac.com\\\/fr\\\/produits\\\/perles-aromatisees\\\/perles-de-fraises\\\/\"]}]},{\"@type\":\"ImageObject\",\"inLanguage\":\"fr-FR\",\"@id\":\"https:\\\/\\\/zitromac.com\\\/fr\\\/produits\\\/perles-aromatisees\\\/perles-de-fraises\\\/#primaryimage\",\"url\":\"https:\\\/\\\/zitromac.com\\\/wp-content\\\/uploads\\\/2025\\\/11\\\/fresa_bodegon_perla-copia-e1768822641400.webp\",\"contentUrl\":\"https:\\\/\\\/zitromac.com\\\/wp-content\\\/uploads\\\/2025\\\/11\\\/fresa_bodegon_perla-copia-e1768822641400.webp\",\"width\":983,\"height\":980},{\"@type\":\"BreadcrumbList\",\"@id\":\"https:\\\/\\\/zitromac.com\\\/fr\\\/produits\\\/perles-aromatisees\\\/perles-de-fraises\\\/#breadcrumb\",\"itemListElement\":[{\"@type\":\"ListItem\",\"position\":1,\"name\":\"Page d'accueil\",\"item\":\"https:\\\/\\\/zitromac.com\\\/fr\\\/\"},{\"@type\":\"ListItem\",\"position\":2,\"name\":\"Produits\",\"item\":\"https:\\\/\\\/zitromac.com\\\/fr\\\/productos\\\/\"},{\"@type\":\"ListItem\",\"position\":3,\"name\":\"Perles aromatis\u00e9es\",\"item\":\"https:\\\/\\\/zitromac.com\\\/fr\\\/productos\\\/perlas-de-sabores\\\/\"},{\"@type\":\"ListItem\",\"position\":4,\"name\":\"PERLES DE FRAISES\"}]},{\"@type\":\"WebSite\",\"@id\":\"https:\\\/\\\/zitromac.com\\\/fr\\\/#website\",\"url\":\"https:\\\/\\\/zitromac.com\\\/fr\\\/\",\"name\":\"Zitromac Desarrollo\",\"description\":\"\",\"publisher\":{\"@id\":\"https:\\\/\\\/zitromac.com\\\/fr\\\/#organization\"},\"potentialAction\":[{\"@type\":\"SearchAction\",\"target\":{\"@type\":\"EntryPoint\",\"urlTemplate\":\"https:\\\/\\\/zitromac.com\\\/fr\\\/?s={search_term_string}\"},\"query-input\":{\"@type\":\"PropertyValueSpecification\",\"valueRequired\":true,\"valueName\":\"search_term_string\"}}],\"inLanguage\":\"fr-FR\"},{\"@type\":\"Organization\",\"@id\":\"https:\\\/\\\/zitromac.com\\\/fr\\\/#organization\",\"name\":\"D\u00e9veloppement de Zitromac\",\"url\":\"https:\\\/\\\/zitromac.com\\\/fr\\\/\",\"logo\":{\"@type\":\"ImageObject\",\"inLanguage\":\"fr-FR\",\"@id\":\"https:\\\/\\\/zitromac.com\\\/fr\\\/#\\\/schema\\\/logo\\\/image\\\/\",\"url\":\"https:\\\/\\\/zitromac.com\\\/wp-content\\\/uploads\\\/2026\\\/01\\\/zitromac-logo-negro.png\",\"contentUrl\":\"https:\\\/\\\/zitromac.com\\\/wp-content\\\/uploads\\\/2026\\\/01\\\/zitromac-logo-negro.png\",\"width\":860,\"height\":199,\"caption\":\"D\u00e9veloppement de Zitromac\"},\"image\":{\"@id\":\"https:\\\/\\\/zitromac.com\\\/fr\\\/#\\\/schema\\\/logo\\\/image\\\/\"},\"sameAs\":[\"https:\\\/\\\/www.facebook.com\\\/ZitromacSolucionesCitricas#\",\"https:\\\/\\\/www.instagram.com\\\/zitromac_\\\/?hl=es\"]}]}<\/script>\n<!-- \/ Yoast SEO plugin. -->","yoast_head_json":{"title":"PERLES DE FRAISES% % - D\u00e9veloppement de Zitromac% D\u00e9veloppement de Zitromac%.","robots":{"index":"index","follow":"follow","max-snippet":"max-snippet:-1","max-image-preview":"max-image-preview:large","max-video-preview":"max-video-preview:-1"},"canonical":"https:\/\/zitromac.com\/fr\/produits\/perles-aromatisees\/perles-de-fraises\/","og_locale":"fr_FR","og_type":"article","og_title":"PERLES DE FRAISES% % - D\u00e9veloppement de Zitromac% D\u00e9veloppement de Zitromac%.","og_description":"PERLESFRAISE Les perles de Zitromac conf\u00e8rent au plat un effet diff\u00e9renciateur par rapport aux autres plats. Rassasiant et plein de vitamines, de fibres et de min\u00e9raux, il est \u00e9galement une source d&rsquo;antioxydants naturels gr\u00e2ce aux algues. Faciles \u00e0 utiliser, ils sont pr\u00e9sent\u00e9s en pots et vous pouvez en utiliser autant que vous le souhaitez. Osez-vous [&hellip;]","og_url":"https:\/\/zitromac.com\/fr\/produits\/perles-aromatisees\/perles-de-fraises\/","og_site_name":"D\u00e9veloppement de Zitromac","article_publisher":"https:\/\/www.facebook.com\/ZitromacSolucionesCitricas#","article_modified_time":"2026-03-24T08:10:57+00:00","og_image":[{"width":983,"height":980,"url":"https:\/\/zitromac.com\/wp-content\/uploads\/2025\/11\/fresa_bodegon_perla-copia-e1768822641400.webp","type":"image\/webp"}],"twitter_card":"summary_large_image","twitter_misc":{"Dur\u00e9e de lecture estim\u00e9e":"2 minutes"},"schema":{"@context":"https:\/\/schema.org","@graph":[{"@type":"WebPage","@id":"https:\/\/zitromac.com\/fr\/produits\/perles-aromatisees\/perles-de-fraises\/","url":"https:\/\/zitromac.com\/fr\/produits\/perles-aromatisees\/perles-de-fraises\/","name":"PERLES DE FRAISES% % - D\u00e9veloppement de Zitromac% D\u00e9veloppement de Zitromac%.","isPartOf":{"@id":"https:\/\/zitromac.com\/fr\/#website"},"primaryImageOfPage":{"@id":"https:\/\/zitromac.com\/fr\/produits\/perles-aromatisees\/perles-de-fraises\/#primaryimage"},"image":{"@id":"https:\/\/zitromac.com\/fr\/produits\/perles-aromatisees\/perles-de-fraises\/#primaryimage"},"thumbnailUrl":"https:\/\/zitromac.com\/wp-content\/uploads\/2025\/11\/fresa_bodegon_perla-copia-e1768822641400.webp","datePublished":"2025-11-13T10:14:40+00:00","dateModified":"2026-03-24T08:10:57+00:00","breadcrumb":{"@id":"https:\/\/zitromac.com\/fr\/produits\/perles-aromatisees\/perles-de-fraises\/#breadcrumb"},"inLanguage":"fr-FR","potentialAction":[{"@type":"ReadAction","target":["https:\/\/zitromac.com\/fr\/produits\/perles-aromatisees\/perles-de-fraises\/"]}]},{"@type":"ImageObject","inLanguage":"fr-FR","@id":"https:\/\/zitromac.com\/fr\/produits\/perles-aromatisees\/perles-de-fraises\/#primaryimage","url":"https:\/\/zitromac.com\/wp-content\/uploads\/2025\/11\/fresa_bodegon_perla-copia-e1768822641400.webp","contentUrl":"https:\/\/zitromac.com\/wp-content\/uploads\/2025\/11\/fresa_bodegon_perla-copia-e1768822641400.webp","width":983,"height":980},{"@type":"BreadcrumbList","@id":"https:\/\/zitromac.com\/fr\/produits\/perles-aromatisees\/perles-de-fraises\/#breadcrumb","itemListElement":[{"@type":"ListItem","position":1,"name":"Page d'accueil","item":"https:\/\/zitromac.com\/fr\/"},{"@type":"ListItem","position":2,"name":"Produits","item":"https:\/\/zitromac.com\/fr\/productos\/"},{"@type":"ListItem","position":3,"name":"Perles aromatis\u00e9es","item":"https:\/\/zitromac.com\/fr\/productos\/perlas-de-sabores\/"},{"@type":"ListItem","position":4,"name":"PERLES DE FRAISES"}]},{"@type":"WebSite","@id":"https:\/\/zitromac.com\/fr\/#website","url":"https:\/\/zitromac.com\/fr\/","name":"Zitromac Desarrollo","description":"","publisher":{"@id":"https:\/\/zitromac.com\/fr\/#organization"},"potentialAction":[{"@type":"SearchAction","target":{"@type":"EntryPoint","urlTemplate":"https:\/\/zitromac.com\/fr\/?s={search_term_string}"},"query-input":{"@type":"PropertyValueSpecification","valueRequired":true,"valueName":"search_term_string"}}],"inLanguage":"fr-FR"},{"@type":"Organization","@id":"https:\/\/zitromac.com\/fr\/#organization","name":"D\u00e9veloppement de Zitromac","url":"https:\/\/zitromac.com\/fr\/","logo":{"@type":"ImageObject","inLanguage":"fr-FR","@id":"https:\/\/zitromac.com\/fr\/#\/schema\/logo\/image\/","url":"https:\/\/zitromac.com\/wp-content\/uploads\/2026\/01\/zitromac-logo-negro.png","contentUrl":"https:\/\/zitromac.com\/wp-content\/uploads\/2026\/01\/zitromac-logo-negro.png","width":860,"height":199,"caption":"D\u00e9veloppement de Zitromac"},"image":{"@id":"https:\/\/zitromac.com\/fr\/#\/schema\/logo\/image\/"},"sameAs":["https:\/\/www.facebook.com\/ZitromacSolucionesCitricas#","https:\/\/www.instagram.com\/zitromac_\/?hl=es"]}]}},"_links":{"self":[{"href":"https:\/\/zitromac.com\/fr\/wp-json\/wp\/v2\/pages\/16903","targetHints":{"allow":["GET"]}}],"collection":[{"href":"https:\/\/zitromac.com\/fr\/wp-json\/wp\/v2\/pages"}],"about":[{"href":"https:\/\/zitromac.com\/fr\/wp-json\/wp\/v2\/types\/page"}],"author":[{"embeddable":true,"href":"https:\/\/zitromac.com\/fr\/wp-json\/wp\/v2\/users\/1"}],"replies":[{"embeddable":true,"href":"https:\/\/zitromac.com\/fr\/wp-json\/wp\/v2\/comments?post=16903"}],"version-history":[{"count":4,"href":"https:\/\/zitromac.com\/fr\/wp-json\/wp\/v2\/pages\/16903\/revisions"}],"predecessor-version":[{"id":16917,"href":"https:\/\/zitromac.com\/fr\/wp-json\/wp\/v2\/pages\/16903\/revisions\/16917"}],"up":[{"embeddable":true,"href":"https:\/\/zitromac.com\/fr\/wp-json\/wp\/v2\/pages\/17317"}],"wp:featuredmedia":[{"embeddable":true,"href":"https:\/\/zitromac.com\/fr\/wp-json\/wp\/v2\/media\/16904"}],"wp:attachment":[{"href":"https:\/\/zitromac.com\/fr\/wp-json\/wp\/v2\/media?parent=16903"}],"wp:term":[{"taxonomy":"category","embeddable":true,"href":"https:\/\/zitromac.com\/fr\/wp-json\/wp\/v2\/categories?post=16903"}],"curies":[{"name":"wp","href":"https:\/\/api.w.org\/{rel}","templated":true}]}}