{"id":17143,"date":"2025-10-28T10:16:32","date_gmt":"2025-10-28T10:16:32","guid":{"rendered":"https:\/\/zitromac.com\/fruits-secs\/"},"modified":"2026-03-27T11:32:05","modified_gmt":"2026-03-27T11:32:05","slug":"fruits-secs","status":"publish","type":"page","link":"https:\/\/zitromac.com\/fr\/produits\/fruits-secs\/","title":{"rendered":"Fruits secs"},"content":{"rendered":"\t\t<div data-elementor-type=\"wp-page\" data-elementor-id=\"17143\" class=\"elementor elementor-17143 elementor-349\" data-elementor-post-type=\"page\">\n\t\t\t\t<div class=\"elementor-element elementor-element-4c07aef e-flex e-con-boxed e-con e-parent\" data-id=\"4c07aef\" data-element_type=\"container\" data-e-type=\"container\" data-settings=\"{&quot;background_background&quot;:&quot;classic&quot;}\">\n\t\t\t\t\t<div class=\"e-con-inner\">\n\t\t\t\t<div class=\"elementor-element elementor-element-6c3a721 elementor-widget elementor-widget-text-editor\" data-id=\"6c3a721\" data-element_type=\"widget\" data-e-type=\"widget\" data-widget_type=\"text-editor.default\">\n\t\t\t\t\t\t\t\t\t<p>FRUITS S\u00c9CH\u00c9S<\/p>\t\t\t\t\t\t\t\t<\/div>\n\t\t\t\t<div class=\"elementor-element elementor-element-19cc4e9 elementor-widget-divider--view-line elementor-widget elementor-widget-divider\" data-id=\"19cc4e9\" data-element_type=\"widget\" data-e-type=\"widget\" data-widget_type=\"divider.default\">\n\t\t\t\t\t\t\t<div class=\"elementor-divider\">\n\t\t\t<span class=\"elementor-divider-separator\">\n\t\t\t\t\t\t<\/span>\n\t\t<\/div>\n\t\t\t\t\t\t<\/div>\n\t\t\t\t<div class=\"elementor-element elementor-element-0b0e457 elementor-widget__width-initial elementor-widget elementor-widget-text-editor\" data-id=\"0b0e457\" data-element_type=\"widget\" data-e-type=\"widget\" data-widget_type=\"text-editor.default\">\n\t\t\t\t\t\t\t\t\t<p class=\"p1\">Chez Zitromac, nous produisons des fruits s\u00e9ch\u00e9s de premi\u00e8re qualit\u00e9 pour les cocktails.<\/p><p class=\"p1\">Notre processus lent concentre les ar\u00f4mes et les saveurs naturels.<\/p><p class=\"p1\">Le r\u00e9sultat : des fruits de grande qualit\u00e9 aux nuances uniques et surprenantes.<\/p>\t\t\t\t\t\t\t\t<\/div>\n\t\t\t\t\t<\/div>\n\t\t\t\t<\/div>\n\t\t<div class=\"elementor-element elementor-element-f1c399d e-flex e-con-boxed e-con e-parent\" data-id=\"f1c399d\" data-element_type=\"container\" data-e-type=\"container\">\n\t\t\t\t\t<div class=\"e-con-inner\">\n\t\t<div class=\"elementor-element elementor-element-6b6d0be e-con-full e-flex e-con e-child\" data-id=\"6b6d0be\" data-element_type=\"container\" data-e-type=\"container\">\n\t\t<div class=\"elementor-element elementor-element-40d11be e-grid e-con-full e-con e-child\" data-id=\"40d11be\" data-element_type=\"container\" data-e-type=\"container\">\n\t\t<div class=\"elementor-element elementor-element-734565e e-con-full e-flex e-con e-child\" data-id=\"734565e\" data-element_type=\"container\" data-e-type=\"container\">\n\t\t<div class=\"elementor-element elementor-element-7e1044b e-con-full e-flex e-con e-child\" data-id=\"7e1044b\" data-element_type=\"container\" data-e-type=\"container\" data-settings=\"{&quot;background_background&quot;:&quot;classic&quot;}\">\n\t\t\t\t<div class=\"elementor-element elementor-element-e3a2a90 elementor-align-center elementor-widget elementor-widget-button\" data-id=\"e3a2a90\" data-element_type=\"widget\" data-e-type=\"widget\" data-widget_type=\"button.default\">\n\t\t\t\t\t\t\t\t\t\t<a class=\"elementor-button elementor-button-link elementor-size-sm\" href=\"https:\/\/zitromac.com\/fr\/produits\/fruits-secs\/orange-deshydratee\/\">\n\t\t\t\t\t\t<span class=\"elementor-button-content-wrapper\">\n\t\t\t\t\t\t\t\t\t<span class=\"elementor-button-text\">VOIR LE PRODUIT<\/span>\n\t\t\t\t\t<\/span>\n\t\t\t\t\t<\/a>\n\t\t\t\t\t\t\t\t<\/div>\n\t\t\t\t<\/div>\n\t\t\t\t<div class=\"elementor-element elementor-element-4745d55 elementor-widget__width-initial elementor-widget elementor-widget-text-editor\" data-id=\"4745d55\" data-element_type=\"widget\" data-e-type=\"widget\" data-widget_type=\"text-editor.default\">\n\t\t\t\t\t\t\t\t\t<p>ORANGE D\u00c9SHYDRAT\u00c9E<\/p>\t\t\t\t\t\t\t\t<\/div>\n\t\t\t\t<\/div>\n\t\t<div class=\"elementor-element elementor-element-4ce3e5e e-con-full e-flex e-con e-child\" data-id=\"4ce3e5e\" data-element_type=\"container\" data-e-type=\"container\">\n\t\t<div class=\"elementor-element elementor-element-5eec0a8 e-con-full e-flex e-con e-child\" data-id=\"5eec0a8\" data-element_type=\"container\" data-e-type=\"container\" data-settings=\"{&quot;background_background&quot;:&quot;classic&quot;}\">\n\t\t\t\t<div class=\"elementor-element elementor-element-695ba8f elementor-align-center elementor-widget elementor-widget-button\" data-id=\"695ba8f\" data-element_type=\"widget\" data-e-type=\"widget\" data-widget_type=\"button.default\">\n\t\t\t\t\t\t\t\t\t\t<a class=\"elementor-button elementor-button-link elementor-size-sm\" href=\"https:\/\/zitromac.com\/fr\/produits\/fruits-secs\/lime-deshydratee\/\">\n\t\t\t\t\t\t<span class=\"elementor-button-content-wrapper\">\n\t\t\t\t\t\t\t\t\t<span class=\"elementor-button-text\">VOIR LE PRODUIT<\/span>\n\t\t\t\t\t<\/span>\n\t\t\t\t\t<\/a>\n\t\t\t\t\t\t\t\t<\/div>\n\t\t\t\t<\/div>\n\t\t\t\t<div class=\"elementor-element elementor-element-97a9214 elementor-widget__width-initial elementor-widget elementor-widget-text-editor\" data-id=\"97a9214\" data-element_type=\"widget\" data-e-type=\"widget\" data-widget_type=\"text-editor.default\">\n\t\t\t\t\t\t\t\t\t<p>LIME D\u00c9SHYDRAT\u00c9E<\/p>\t\t\t\t\t\t\t\t<\/div>\n\t\t\t\t<\/div>\n\t\t<div class=\"elementor-element elementor-element-0098655 e-con-full e-flex e-con e-child\" data-id=\"0098655\" data-element_type=\"container\" data-e-type=\"container\">\n\t\t<div class=\"elementor-element elementor-element-c3bfde3 e-con-full e-flex e-con e-child\" data-id=\"c3bfde3\" data-element_type=\"container\" data-e-type=\"container\" data-settings=\"{&quot;background_background&quot;:&quot;classic&quot;}\">\n\t\t\t\t<div class=\"elementor-element elementor-element-236a73c elementor-align-center elementor-widget elementor-widget-button\" data-id=\"236a73c\" data-element_type=\"widget\" data-e-type=\"widget\" data-widget_type=\"button.default\">\n\t\t\t\t\t\t\t\t\t\t<a class=\"elementor-button elementor-button-link elementor-size-sm\" href=\"https:\/\/zitromac.com\/fr\/produits\/fruits-secs\/citron-jaune-deshydrate\/\">\n\t\t\t\t\t\t<span class=\"elementor-button-content-wrapper\">\n\t\t\t\t\t\t\t\t\t<span class=\"elementor-button-text\">VOIR LE PRODUIT<\/span>\n\t\t\t\t\t<\/span>\n\t\t\t\t\t<\/a>\n\t\t\t\t\t\t\t\t<\/div>\n\t\t\t\t<\/div>\n\t\t\t\t<div class=\"elementor-element elementor-element-9d8a84f elementor-widget__width-initial elementor-widget elementor-widget-text-editor\" data-id=\"9d8a84f\" data-element_type=\"widget\" data-e-type=\"widget\" data-widget_type=\"text-editor.default\">\n\t\t\t\t\t\t\t\t\t<p>CITRON JAUNE<br \/>D\u00c9SHYDRAT\u00c9<\/p>\t\t\t\t\t\t\t\t<\/div>\n\t\t\t\t<\/div>\n\t\t<div class=\"elementor-element elementor-element-255d17b e-con-full e-flex e-con e-child\" data-id=\"255d17b\" data-element_type=\"container\" data-e-type=\"container\">\n\t\t<div class=\"elementor-element elementor-element-086aaec e-con-full e-flex e-con e-child\" data-id=\"086aaec\" data-element_type=\"container\" data-e-type=\"container\" data-settings=\"{&quot;background_background&quot;:&quot;classic&quot;}\">\n\t\t\t\t<div class=\"elementor-element elementor-element-cd898bc elementor-align-center elementor-widget elementor-widget-button\" data-id=\"cd898bc\" data-element_type=\"widget\" data-e-type=\"widget\" data-widget_type=\"button.default\">\n\t\t\t\t\t\t\t\t\t\t<a class=\"elementor-button elementor-button-link elementor-size-sm\" href=\"https:\/\/zitromac.com\/fr\/produits\/fruits-secs\/citron-vert-deshydrate\/\">\n\t\t\t\t\t\t<span class=\"elementor-button-content-wrapper\">\n\t\t\t\t\t\t\t\t\t<span class=\"elementor-button-text\">VOIR LE PRODUIT<\/span>\n\t\t\t\t\t<\/span>\n\t\t\t\t\t<\/a>\n\t\t\t\t\t\t\t\t<\/div>\n\t\t\t\t<\/div>\n\t\t\t\t<div class=\"elementor-element elementor-element-9a6bd4b elementor-widget__width-initial elementor-widget elementor-widget-text-editor\" data-id=\"9a6bd4b\" data-element_type=\"widget\" data-e-type=\"widget\" data-widget_type=\"text-editor.default\">\n\t\t\t\t\t\t\t\t\t<p>CITRON VERT<br \/>D\u00c9SHYDRAT\u00c9<\/p>\t\t\t\t\t\t\t\t<\/div>\n\t\t\t\t<\/div>\n\t\t<div class=\"elementor-element elementor-element-f7445eb e-con-full e-flex e-con e-child\" data-id=\"f7445eb\" data-element_type=\"container\" data-e-type=\"container\">\n\t\t<div class=\"elementor-element elementor-element-7e3b3ec e-con-full e-flex e-con e-child\" data-id=\"7e3b3ec\" data-element_type=\"container\" data-e-type=\"container\" data-settings=\"{&quot;background_background&quot;:&quot;classic&quot;}\">\n\t\t\t\t<div class=\"elementor-element elementor-element-3ab6016 elementor-align-center elementor-widget elementor-widget-button\" data-id=\"3ab6016\" data-element_type=\"widget\" data-e-type=\"widget\" data-widget_type=\"button.default\">\n\t\t\t\t\t\t\t\t\t\t<a class=\"elementor-button elementor-button-link elementor-size-sm\" href=\"https:\/\/zitromac.com\/fr\/produits\/fruits-secs\/pamplemousse-deshydrate\/\">\n\t\t\t\t\t\t<span class=\"elementor-button-content-wrapper\">\n\t\t\t\t\t\t\t\t\t<span class=\"elementor-button-text\">VOIR LE PRODUIT<\/span>\n\t\t\t\t\t<\/span>\n\t\t\t\t\t<\/a>\n\t\t\t\t\t\t\t\t<\/div>\n\t\t\t\t<\/div>\n\t\t\t\t<div class=\"elementor-element elementor-element-dab6633 elementor-widget__width-initial elementor-widget elementor-widget-text-editor\" data-id=\"dab6633\" data-element_type=\"widget\" data-e-type=\"widget\" data-widget_type=\"text-editor.default\">\n\t\t\t\t\t\t\t\t\t<p>PAMPLEMOUSSE D\u00c9SHYDRAT\u00c9<\/p>\t\t\t\t\t\t\t\t<\/div>\n\t\t\t\t<\/div>\n\t\t<div class=\"elementor-element elementor-element-f171d36 e-con-full e-flex e-con e-child\" data-id=\"f171d36\" data-element_type=\"container\" data-e-type=\"container\">\n\t\t<div class=\"elementor-element elementor-element-69df9d3 e-con-full e-flex e-con e-child\" data-id=\"69df9d3\" data-element_type=\"container\" data-e-type=\"container\" data-settings=\"{&quot;background_background&quot;:&quot;classic&quot;}\">\n\t\t\t\t<div class=\"elementor-element elementor-element-6bdc7fe elementor-align-center elementor-widget elementor-widget-button\" data-id=\"6bdc7fe\" data-element_type=\"widget\" data-e-type=\"widget\" data-widget_type=\"button.default\">\n\t\t\t\t\t\t\t\t\t\t<a class=\"elementor-button elementor-button-link elementor-size-sm\" href=\"https:\/\/zitromac.com\/fr\/produits\/fruits-secs\/ananas-deshydrate\/\">\n\t\t\t\t\t\t<span class=\"elementor-button-content-wrapper\">\n\t\t\t\t\t\t\t\t\t<span class=\"elementor-button-text\">VOIR LE PRODUIT<\/span>\n\t\t\t\t\t<\/span>\n\t\t\t\t\t<\/a>\n\t\t\t\t\t\t\t\t<\/div>\n\t\t\t\t<\/div>\n\t\t\t\t<div class=\"elementor-element elementor-element-29e3d85 elementor-widget__width-initial elementor-widget elementor-widget-text-editor\" data-id=\"29e3d85\" data-element_type=\"widget\" data-e-type=\"widget\" data-widget_type=\"text-editor.default\">\n\t\t\t\t\t\t\t\t\t<p>ANANAS D\u00c9SHYDRAT\u00c9<\/p>\t\t\t\t\t\t\t\t<\/div>\n\t\t\t\t<\/div>\n\t\t<div class=\"elementor-element elementor-element-95ece4c e-con-full e-flex e-con e-child\" data-id=\"95ece4c\" data-element_type=\"container\" data-e-type=\"container\">\n\t\t<div class=\"elementor-element elementor-element-09871df e-con-full e-flex e-con e-child\" data-id=\"09871df\" data-element_type=\"container\" data-e-type=\"container\" data-settings=\"{&quot;background_background&quot;:&quot;classic&quot;}\">\n\t\t\t\t<div class=\"elementor-element elementor-element-5130d39 elementor-align-center elementor-widget elementor-widget-button\" data-id=\"5130d39\" data-element_type=\"widget\" data-e-type=\"widget\" data-widget_type=\"button.default\">\n\t\t\t\t\t\t\t\t\t\t<a class=\"elementor-button elementor-button-link elementor-size-sm\" href=\"https:\/\/zitromac.com\/fr\/produits\/fruits-secs\/pomme-deshydratee\/\">\n\t\t\t\t\t\t<span class=\"elementor-button-content-wrapper\">\n\t\t\t\t\t\t\t\t\t<span class=\"elementor-button-text\">VOIR LE PRODUIT<\/span>\n\t\t\t\t\t<\/span>\n\t\t\t\t\t<\/a>\n\t\t\t\t\t\t\t\t<\/div>\n\t\t\t\t<\/div>\n\t\t\t\t<div class=\"elementor-element elementor-element-f519e15 elementor-widget__width-initial elementor-widget elementor-widget-text-editor\" data-id=\"f519e15\" data-element_type=\"widget\" data-e-type=\"widget\" data-widget_type=\"text-editor.default\">\n\t\t\t\t\t\t\t\t\t<p>POMME D\u00c9SHYDRAT\u00c9E<\/p>\t\t\t\t\t\t\t\t<\/div>\n\t\t\t\t<\/div>\n\t\t<div class=\"elementor-element elementor-element-c8e9647 e-con-full e-flex e-con e-child\" data-id=\"c8e9647\" data-element_type=\"container\" data-e-type=\"container\">\n\t\t<div class=\"elementor-element elementor-element-d872cf9 e-con-full e-flex e-con e-child\" data-id=\"d872cf9\" data-element_type=\"container\" data-e-type=\"container\" data-settings=\"{&quot;background_background&quot;:&quot;classic&quot;}\">\n\t\t\t\t<div class=\"elementor-element elementor-element-e62ec5e elementor-align-center elementor-widget elementor-widget-button\" data-id=\"e62ec5e\" data-element_type=\"widget\" data-e-type=\"widget\" data-widget_type=\"button.default\">\n\t\t\t\t\t\t\t\t\t\t<a class=\"elementor-button elementor-button-link elementor-size-sm\" href=\"https:\/\/zitromac.com\/fr\/produits\/fruits-secs\/concombre-deshydrate\/\">\n\t\t\t\t\t\t<span class=\"elementor-button-content-wrapper\">\n\t\t\t\t\t\t\t\t\t<span class=\"elementor-button-text\">VOIR LE PRODUIT<\/span>\n\t\t\t\t\t<\/span>\n\t\t\t\t\t<\/a>\n\t\t\t\t\t\t\t\t<\/div>\n\t\t\t\t<\/div>\n\t\t\t\t<div class=\"elementor-element elementor-element-4d3c76e elementor-widget__width-initial elementor-widget elementor-widget-text-editor\" data-id=\"4d3c76e\" data-element_type=\"widget\" data-e-type=\"widget\" data-widget_type=\"text-editor.default\">\n\t\t\t\t\t\t\t\t\t<p>CONCOMBRE D\u00c9SHYDRAT\u00c9<\/p>\t\t\t\t\t\t\t\t<\/div>\n\t\t\t\t<\/div>\n\t\t\t\t<\/div>\n\t\t<div class=\"elementor-element elementor-element-92f0a0c e-con-full e-flex e-con e-child\" data-id=\"92f0a0c\" data-element_type=\"container\" data-e-type=\"container\">\n\t\t<div class=\"elementor-element elementor-element-05c5597 e-con-full e-flex e-con e-child\" data-id=\"05c5597\" data-element_type=\"container\" data-e-type=\"container\">\n\t\t\t\t<div class=\"elementor-element elementor-element-c27fa7b elementor-widget-divider--view-line elementor-widget elementor-widget-divider\" data-id=\"c27fa7b\" data-element_type=\"widget\" data-e-type=\"widget\" data-widget_type=\"divider.default\">\n\t\t\t\t\t\t\t<div class=\"elementor-divider\">\n\t\t\t<span class=\"elementor-divider-separator\">\n\t\t\t\t\t\t<\/span>\n\t\t<\/div>\n\t\t\t\t\t\t<\/div>\n\t\t\t\t<div class=\"elementor-element elementor-element-9203f21 elementor-widget__width-inherit elementor-widget elementor-widget-text-editor\" data-id=\"9203f21\" data-element_type=\"widget\" data-e-type=\"widget\" data-widget_type=\"text-editor.default\">\n\t\t\t\t\t\t\t\t\t<p>Ce que nos clients appr\u00e9cient le plus dans nos produits, c&rsquo;est leur dur\u00e9e de conservation, leur facilit\u00e9 d&rsquo;utilisation et leur mode de stockage, puisqu&rsquo;il suffit de les conserver dans un endroit frais et sec. Nos produits se conservent jusqu&rsquo;\u00e0 24 mois !<\/p><p> <\/p><p>Les fruits d\u00e9shydrat\u00e9s offrent \u00e9galement un large \u00e9ventail de possibilit\u00e9s lorsqu&rsquo;il s&rsquo;agit de les travailler pour la d\u00e9coration et la pr\u00e9sentation de cocktails, de plats et de p\u00e2tisseries, ainsi que pour les infusions et les eaux d\u00e9tox.<\/p><p> <\/p><p>Parcourez et d\u00e9couvrez nos produits : orange d\u00e9shydrat\u00e9e, citron d\u00e9shydrat\u00e9, citron vert d\u00e9shydrat\u00e9, citron vert d\u00e9shydrat\u00e9, citron vert d\u00e9shydrat\u00e9, pamplemousse d\u00e9shydrat\u00e9, ananas d\u00e9shydrat\u00e9, pomme d\u00e9shydrat\u00e9e, concombre d\u00e9shydrat\u00e9, que vous pouvez acheter sur Amazon.<\/p>\t\t\t\t\t\t\t\t<\/div>\n\t\t\t\t<\/div>\n\t\t<div class=\"elementor-element elementor-element-16d1a6d e-con-full e-flex e-con e-child\" data-id=\"16d1a6d\" data-element_type=\"container\" data-e-type=\"container\">\n\t\t\t\t<\/div>\n\t\t\t\t<\/div>\n\t\t\t\t<\/div>\n\t\t\t\t\t<\/div>\n\t\t\t\t<\/div>\n\t\t\t\t<\/div>\n\t\t","protected":false},"excerpt":{"rendered":"<p>FRUITS S\u00c9CH\u00c9S Chez Zitromac, nous produisons des fruits s\u00e9ch\u00e9s de premi\u00e8re qualit\u00e9 pour les cocktails. Notre processus lent concentre les ar\u00f4mes et les saveurs naturels. Le r\u00e9sultat : des fruits de grande qualit\u00e9 aux nuances uniques et surprenantes. VOIR LE PRODUIT ORANGE D\u00c9SHYDRAT\u00c9E VOIR LE PRODUIT LIME D\u00c9SHYDRAT\u00c9E VOIR LE PRODUIT CITRON JAUNED\u00c9SHYDRAT\u00c9 VOIR LE [&hellip;]<\/p>\n","protected":false},"author":1,"featured_media":0,"parent":17176,"menu_order":0,"comment_status":"closed","ping_status":"closed","template":"elementor_header_footer","meta":{"footnotes":""},"categories":[],"class_list":["post-17143","page","type-page","status-publish","hentry"],"yoast_head":"<!-- This site is optimized with the Yoast SEO plugin v27.3 - https:\/\/yoast.com\/product\/yoast-seo-wordpress\/ -->\n<title>Fruits secs% % - D\u00e9veloppement de Zitromac% D\u00e9veloppement de Zitromac%.<\/title>\n<meta name=\"robots\" content=\"index, follow, max-snippet:-1, max-image-preview:large, max-video-preview:-1\" \/>\n<link rel=\"canonical\" href=\"https:\/\/zitromac.com\/fr\/produits\/fruits-secs\/\" \/>\n<meta property=\"og:locale\" content=\"fr_FR\" \/>\n<meta property=\"og:type\" content=\"article\" \/>\n<meta property=\"og:title\" content=\"Fruits secs% % - D\u00e9veloppement de Zitromac% D\u00e9veloppement de Zitromac%.\" \/>\n<meta property=\"og:description\" content=\"FRUITS S\u00c9CH\u00c9S Chez Zitromac, nous produisons des fruits s\u00e9ch\u00e9s de premi\u00e8re qualit\u00e9 pour les cocktails. Notre processus lent concentre les ar\u00f4mes et les saveurs naturels. Le r\u00e9sultat : des fruits de grande qualit\u00e9 aux nuances uniques et surprenantes. VOIR LE PRODUIT ORANGE D\u00c9SHYDRAT\u00c9E VOIR LE PRODUIT LIME D\u00c9SHYDRAT\u00c9E VOIR LE PRODUIT CITRON JAUNED\u00c9SHYDRAT\u00c9 VOIR LE [&hellip;]\" \/>\n<meta property=\"og:url\" content=\"https:\/\/zitromac.com\/fr\/produits\/fruits-secs\/\" \/>\n<meta property=\"og:site_name\" content=\"D\u00e9veloppement de Zitromac\" \/>\n<meta property=\"article:publisher\" content=\"https:\/\/www.facebook.com\/ZitromacSolucionesCitricas#\" \/>\n<meta property=\"article:modified_time\" content=\"2026-03-27T11:32:05+00:00\" \/>\n<meta name=\"twitter:card\" content=\"summary_large_image\" \/>\n<meta name=\"twitter:label1\" content=\"Dur\u00e9e de lecture estim\u00e9e\" \/>\n\t<meta name=\"twitter:data1\" content=\"1 minute\" \/>\n<script type=\"application\/ld+json\" class=\"yoast-schema-graph\">{\"@context\":\"https:\\\/\\\/schema.org\",\"@graph\":[{\"@type\":\"WebPage\",\"@id\":\"https:\\\/\\\/zitromac.com\\\/fr\\\/produits\\\/fruits-secs\\\/\",\"url\":\"https:\\\/\\\/zitromac.com\\\/fr\\\/produits\\\/fruits-secs\\\/\",\"name\":\"Fruits secs% % - D\u00e9veloppement de Zitromac% D\u00e9veloppement de Zitromac%.\",\"isPartOf\":{\"@id\":\"https:\\\/\\\/zitromac.com\\\/fr\\\/#website\"},\"datePublished\":\"2025-10-28T10:16:32+00:00\",\"dateModified\":\"2026-03-27T11:32:05+00:00\",\"breadcrumb\":{\"@id\":\"https:\\\/\\\/zitromac.com\\\/fr\\\/produits\\\/fruits-secs\\\/#breadcrumb\"},\"inLanguage\":\"fr-FR\",\"potentialAction\":[{\"@type\":\"ReadAction\",\"target\":[\"https:\\\/\\\/zitromac.com\\\/fr\\\/produits\\\/fruits-secs\\\/\"]}]},{\"@type\":\"BreadcrumbList\",\"@id\":\"https:\\\/\\\/zitromac.com\\\/fr\\\/produits\\\/fruits-secs\\\/#breadcrumb\",\"itemListElement\":[{\"@type\":\"ListItem\",\"position\":1,\"name\":\"Page d'accueil\",\"item\":\"https:\\\/\\\/zitromac.com\\\/fr\\\/\"},{\"@type\":\"ListItem\",\"position\":2,\"name\":\"Produits\",\"item\":\"https:\\\/\\\/zitromac.com\\\/fr\\\/productos\\\/\"},{\"@type\":\"ListItem\",\"position\":3,\"name\":\"Fruits secs\"}]},{\"@type\":\"WebSite\",\"@id\":\"https:\\\/\\\/zitromac.com\\\/fr\\\/#website\",\"url\":\"https:\\\/\\\/zitromac.com\\\/fr\\\/\",\"name\":\"Zitromac Desarrollo\",\"description\":\"\",\"publisher\":{\"@id\":\"https:\\\/\\\/zitromac.com\\\/fr\\\/#organization\"},\"potentialAction\":[{\"@type\":\"SearchAction\",\"target\":{\"@type\":\"EntryPoint\",\"urlTemplate\":\"https:\\\/\\\/zitromac.com\\\/fr\\\/?s={search_term_string}\"},\"query-input\":{\"@type\":\"PropertyValueSpecification\",\"valueRequired\":true,\"valueName\":\"search_term_string\"}}],\"inLanguage\":\"fr-FR\"},{\"@type\":\"Organization\",\"@id\":\"https:\\\/\\\/zitromac.com\\\/fr\\\/#organization\",\"name\":\"D\u00e9veloppement de Zitromac\",\"url\":\"https:\\\/\\\/zitromac.com\\\/fr\\\/\",\"logo\":{\"@type\":\"ImageObject\",\"inLanguage\":\"fr-FR\",\"@id\":\"https:\\\/\\\/zitromac.com\\\/fr\\\/#\\\/schema\\\/logo\\\/image\\\/\",\"url\":\"https:\\\/\\\/zitromac.com\\\/wp-content\\\/uploads\\\/2026\\\/01\\\/zitromac-logo-negro.png\",\"contentUrl\":\"https:\\\/\\\/zitromac.com\\\/wp-content\\\/uploads\\\/2026\\\/01\\\/zitromac-logo-negro.png\",\"width\":860,\"height\":199,\"caption\":\"D\u00e9veloppement de Zitromac\"},\"image\":{\"@id\":\"https:\\\/\\\/zitromac.com\\\/fr\\\/#\\\/schema\\\/logo\\\/image\\\/\"},\"sameAs\":[\"https:\\\/\\\/www.facebook.com\\\/ZitromacSolucionesCitricas#\",\"https:\\\/\\\/www.instagram.com\\\/zitromac_\\\/?hl=es\"]}]}<\/script>\n<!-- \/ Yoast SEO plugin. -->","yoast_head_json":{"title":"Fruits secs% % - D\u00e9veloppement de Zitromac% D\u00e9veloppement de Zitromac%.","robots":{"index":"index","follow":"follow","max-snippet":"max-snippet:-1","max-image-preview":"max-image-preview:large","max-video-preview":"max-video-preview:-1"},"canonical":"https:\/\/zitromac.com\/fr\/produits\/fruits-secs\/","og_locale":"fr_FR","og_type":"article","og_title":"Fruits secs% % - D\u00e9veloppement de Zitromac% D\u00e9veloppement de Zitromac%.","og_description":"FRUITS S\u00c9CH\u00c9S Chez Zitromac, nous produisons des fruits s\u00e9ch\u00e9s de premi\u00e8re qualit\u00e9 pour les cocktails. Notre processus lent concentre les ar\u00f4mes et les saveurs naturels. Le r\u00e9sultat : des fruits de grande qualit\u00e9 aux nuances uniques et surprenantes. VOIR LE PRODUIT ORANGE D\u00c9SHYDRAT\u00c9E VOIR LE PRODUIT LIME D\u00c9SHYDRAT\u00c9E VOIR LE PRODUIT CITRON JAUNED\u00c9SHYDRAT\u00c9 VOIR LE [&hellip;]","og_url":"https:\/\/zitromac.com\/fr\/produits\/fruits-secs\/","og_site_name":"D\u00e9veloppement de Zitromac","article_publisher":"https:\/\/www.facebook.com\/ZitromacSolucionesCitricas#","article_modified_time":"2026-03-27T11:32:05+00:00","twitter_card":"summary_large_image","twitter_misc":{"Dur\u00e9e de lecture estim\u00e9e":"1 minute"},"schema":{"@context":"https:\/\/schema.org","@graph":[{"@type":"WebPage","@id":"https:\/\/zitromac.com\/fr\/produits\/fruits-secs\/","url":"https:\/\/zitromac.com\/fr\/produits\/fruits-secs\/","name":"Fruits secs% % - D\u00e9veloppement de Zitromac% D\u00e9veloppement de Zitromac%.","isPartOf":{"@id":"https:\/\/zitromac.com\/fr\/#website"},"datePublished":"2025-10-28T10:16:32+00:00","dateModified":"2026-03-27T11:32:05+00:00","breadcrumb":{"@id":"https:\/\/zitromac.com\/fr\/produits\/fruits-secs\/#breadcrumb"},"inLanguage":"fr-FR","potentialAction":[{"@type":"ReadAction","target":["https:\/\/zitromac.com\/fr\/produits\/fruits-secs\/"]}]},{"@type":"BreadcrumbList","@id":"https:\/\/zitromac.com\/fr\/produits\/fruits-secs\/#breadcrumb","itemListElement":[{"@type":"ListItem","position":1,"name":"Page d'accueil","item":"https:\/\/zitromac.com\/fr\/"},{"@type":"ListItem","position":2,"name":"Produits","item":"https:\/\/zitromac.com\/fr\/productos\/"},{"@type":"ListItem","position":3,"name":"Fruits secs"}]},{"@type":"WebSite","@id":"https:\/\/zitromac.com\/fr\/#website","url":"https:\/\/zitromac.com\/fr\/","name":"Zitromac Desarrollo","description":"","publisher":{"@id":"https:\/\/zitromac.com\/fr\/#organization"},"potentialAction":[{"@type":"SearchAction","target":{"@type":"EntryPoint","urlTemplate":"https:\/\/zitromac.com\/fr\/?s={search_term_string}"},"query-input":{"@type":"PropertyValueSpecification","valueRequired":true,"valueName":"search_term_string"}}],"inLanguage":"fr-FR"},{"@type":"Organization","@id":"https:\/\/zitromac.com\/fr\/#organization","name":"D\u00e9veloppement de Zitromac","url":"https:\/\/zitromac.com\/fr\/","logo":{"@type":"ImageObject","inLanguage":"fr-FR","@id":"https:\/\/zitromac.com\/fr\/#\/schema\/logo\/image\/","url":"https:\/\/zitromac.com\/wp-content\/uploads\/2026\/01\/zitromac-logo-negro.png","contentUrl":"https:\/\/zitromac.com\/wp-content\/uploads\/2026\/01\/zitromac-logo-negro.png","width":860,"height":199,"caption":"D\u00e9veloppement de Zitromac"},"image":{"@id":"https:\/\/zitromac.com\/fr\/#\/schema\/logo\/image\/"},"sameAs":["https:\/\/www.facebook.com\/ZitromacSolucionesCitricas#","https:\/\/www.instagram.com\/zitromac_\/?hl=es"]}]}},"_links":{"self":[{"href":"https:\/\/zitromac.com\/fr\/wp-json\/wp\/v2\/pages\/17143","targetHints":{"allow":["GET"]}}],"collection":[{"href":"https:\/\/zitromac.com\/fr\/wp-json\/wp\/v2\/pages"}],"about":[{"href":"https:\/\/zitromac.com\/fr\/wp-json\/wp\/v2\/types\/page"}],"author":[{"embeddable":true,"href":"https:\/\/zitromac.com\/fr\/wp-json\/wp\/v2\/users\/1"}],"replies":[{"embeddable":true,"href":"https:\/\/zitromac.com\/fr\/wp-json\/wp\/v2\/comments?post=17143"}],"version-history":[{"count":30,"href":"https:\/\/zitromac.com\/fr\/wp-json\/wp\/v2\/pages\/17143\/revisions"}],"predecessor-version":[{"id":18095,"href":"https:\/\/zitromac.com\/fr\/wp-json\/wp\/v2\/pages\/17143\/revisions\/18095"}],"up":[{"embeddable":true,"href":"https:\/\/zitromac.com\/fr\/wp-json\/wp\/v2\/pages\/17176"}],"wp:attachment":[{"href":"https:\/\/zitromac.com\/fr\/wp-json\/wp\/v2\/media?parent=17143"}],"wp:term":[{"taxonomy":"category","embeddable":true,"href":"https:\/\/zitromac.com\/fr\/wp-json\/wp\/v2\/categories?post=17143"}],"curies":[{"name":"wp","href":"https:\/\/api.w.org\/{rel}","templated":true}]}}