{"id":17389,"date":"2025-11-18T08:42:49","date_gmt":"2025-11-18T08:42:49","guid":{"rendered":"https:\/\/zitromac.com\/produits\/agrumes-fraichement-coupes\/lime-rind\/"},"modified":"2026-03-24T08:11:50","modified_gmt":"2026-03-24T08:11:50","slug":"lime-rind","status":"publish","type":"page","link":"https:\/\/zitromac.com\/fr\/produits\/agrumes-fraichement-coupes\/lime-rind\/","title":{"rendered":"LIME RIND"},"content":{"rendered":"\t\t<div data-elementor-type=\"wp-page\" data-elementor-id=\"17389\" class=\"elementor elementor-17389 elementor-1577\" data-elementor-post-type=\"page\">\n\t\t\t\t<div class=\"elementor-element elementor-element-606f59d3 e-flex e-con-boxed e-con e-parent\" data-id=\"606f59d3\" data-element_type=\"container\" data-e-type=\"container\">\n\t\t\t\t\t<div class=\"e-con-inner\">\n\t\t<div class=\"elementor-element elementor-element-79232fa9 e-con-full e-flex e-con e-child\" data-id=\"79232fa9\" data-element_type=\"container\" data-e-type=\"container\">\n\t\t\t\t<div class=\"elementor-element elementor-element-636f021 elementor-widget elementor-widget-zmac_side_gallery\" data-id=\"636f021\" data-element_type=\"widget\" data-e-type=\"widget\" data-widget_type=\"zmac_side_gallery.default\">\n\t\t\t\t<div class=\"elementor-widget-container\">\n\t\t\t\t\t<div class=\"zmac-esg\" id=\"zmac_esg_1\" style=\"--zmac-aspect:1\/1; --zmac-fit:contain;\" data-zmac-esg='{&quot;activeId&quot;:1579}'><div class=\"zmac-esg__thumbs\" role=\"list\" aria-label=\"Miniaturas\"><button type=\"button\" class=\"zmac-esg__thumb is-active\" role=\"listitem\" data-id=\"1579\" data-src=\"https:\/\/zitromac.com\/wp-content\/uploads\/2025\/11\/corteza_limon_verde.webp\" data-srcset=\"https:\/\/zitromac.com\/wp-content\/uploads\/2025\/11\/corteza_limon_verde.webp 1024w, https:\/\/zitromac.com\/wp-content\/uploads\/2025\/11\/corteza_limon_verde-300x300.webp 300w, https:\/\/zitromac.com\/wp-content\/uploads\/2025\/11\/corteza_limon_verde-100x100.webp 100w, https:\/\/zitromac.com\/wp-content\/uploads\/2025\/11\/corteza_limon_verde-600x600.webp 600w, https:\/\/zitromac.com\/wp-content\/uploads\/2025\/11\/corteza_limon_verde-150x150.webp 150w, https:\/\/zitromac.com\/wp-content\/uploads\/2025\/11\/corteza_limon_verde-768x768.webp 768w\" data-sizes=\"(max-width: 800px) 100vw, 800px\" data-alt=\"\" aria-pressed=\"true\" aria-label=\"Ver imagen\"><img loading=\"lazy\" decoding=\"async\" width=\"150\" height=\"150\" src=\"https:\/\/zitromac.com\/wp-content\/uploads\/2025\/11\/corteza_limon_verde-150x150.webp\" class=\"zmac-esg__thumb-img\" alt=\"\" loading=\"lazy\" srcset=\"https:\/\/zitromac.com\/wp-content\/uploads\/2025\/11\/corteza_limon_verde-150x150.webp 150w, https:\/\/zitromac.com\/wp-content\/uploads\/2025\/11\/corteza_limon_verde-300x300.webp 300w, https:\/\/zitromac.com\/wp-content\/uploads\/2025\/11\/corteza_limon_verde-100x100.webp 100w, https:\/\/zitromac.com\/wp-content\/uploads\/2025\/11\/corteza_limon_verde-600x600.webp 600w, https:\/\/zitromac.com\/wp-content\/uploads\/2025\/11\/corteza_limon_verde-768x768.webp 768w, https:\/\/zitromac.com\/wp-content\/uploads\/2025\/11\/corteza_limon_verde.webp 1024w\" sizes=\"auto, (max-width: 150px) 100vw, 150px\" \/><\/button><button type=\"button\" class=\"zmac-esg__thumb \" role=\"listitem\" data-id=\"13472\" data-src=\"https:\/\/zitromac.com\/wp-content\/uploads\/2026\/01\/Captura-de-pantalla-2026-01-12-a-las-11.23.35.png\" data-srcset=\"https:\/\/zitromac.com\/wp-content\/uploads\/2026\/01\/Captura-de-pantalla-2026-01-12-a-las-11.23.35.png 703w, https:\/\/zitromac.com\/wp-content\/uploads\/2026\/01\/Captura-de-pantalla-2026-01-12-a-las-11.23.35-300x300.png 300w, https:\/\/zitromac.com\/wp-content\/uploads\/2026\/01\/Captura-de-pantalla-2026-01-12-a-las-11.23.35-150x150.png 150w\" data-sizes=\"(max-width: 703px) 100vw, 703px\" data-alt=\"\" aria-pressed=\"false\" aria-label=\"Ver imagen\"><img loading=\"lazy\" decoding=\"async\" width=\"150\" height=\"150\" src=\"https:\/\/zitromac.com\/wp-content\/uploads\/2026\/01\/Captura-de-pantalla-2026-01-12-a-las-11.23.35-150x150.png\" class=\"zmac-esg__thumb-img\" alt=\"\" loading=\"lazy\" srcset=\"https:\/\/zitromac.com\/wp-content\/uploads\/2026\/01\/Captura-de-pantalla-2026-01-12-a-las-11.23.35-150x150.png 150w, https:\/\/zitromac.com\/wp-content\/uploads\/2026\/01\/Captura-de-pantalla-2026-01-12-a-las-11.23.35-300x300.png 300w, https:\/\/zitromac.com\/wp-content\/uploads\/2026\/01\/Captura-de-pantalla-2026-01-12-a-las-11.23.35.png 703w\" sizes=\"auto, (max-width: 150px) 100vw, 150px\" \/><\/button><button type=\"button\" class=\"zmac-esg__thumb \" role=\"listitem\" data-id=\"13471\" data-src=\"https:\/\/zitromac.com\/wp-content\/uploads\/2026\/01\/Captura-de-pantalla-2026-01-12-a-las-11.23.50.png\" data-srcset=\"https:\/\/zitromac.com\/wp-content\/uploads\/2026\/01\/Captura-de-pantalla-2026-01-12-a-las-11.23.50.png 704w, https:\/\/zitromac.com\/wp-content\/uploads\/2026\/01\/Captura-de-pantalla-2026-01-12-a-las-11.23.50-300x300.png 300w, https:\/\/zitromac.com\/wp-content\/uploads\/2026\/01\/Captura-de-pantalla-2026-01-12-a-las-11.23.50-150x150.png 150w\" data-sizes=\"(max-width: 704px) 100vw, 704px\" data-alt=\"\" aria-pressed=\"false\" aria-label=\"Ver imagen\"><img loading=\"lazy\" decoding=\"async\" width=\"150\" height=\"150\" src=\"https:\/\/zitromac.com\/wp-content\/uploads\/2026\/01\/Captura-de-pantalla-2026-01-12-a-las-11.23.50-150x150.png\" class=\"zmac-esg__thumb-img\" alt=\"\" loading=\"lazy\" srcset=\"https:\/\/zitromac.com\/wp-content\/uploads\/2026\/01\/Captura-de-pantalla-2026-01-12-a-las-11.23.50-150x150.png 150w, https:\/\/zitromac.com\/wp-content\/uploads\/2026\/01\/Captura-de-pantalla-2026-01-12-a-las-11.23.50-300x300.png 300w, https:\/\/zitromac.com\/wp-content\/uploads\/2026\/01\/Captura-de-pantalla-2026-01-12-a-las-11.23.50.png 704w\" sizes=\"auto, (max-width: 150px) 100vw, 150px\" \/><\/button><\/div><div class=\"zmac-esg__main\">  <div class=\"zmac-esg__main-inner\" aria-live=\"polite\"><img fetchpriority=\"high\" width=\"800\" height=\"800\" src=\"https:\/\/zitromac.com\/wp-content\/uploads\/2025\/11\/corteza_limon_verde.webp\" class=\"zmac-esg__main-img\" alt=\"\" loading=\"eager\" decoding=\"async\" srcset=\"https:\/\/zitromac.com\/wp-content\/uploads\/2025\/11\/corteza_limon_verde.webp 1024w, https:\/\/zitromac.com\/wp-content\/uploads\/2025\/11\/corteza_limon_verde-300x300.webp 300w, https:\/\/zitromac.com\/wp-content\/uploads\/2025\/11\/corteza_limon_verde-100x100.webp 100w, https:\/\/zitromac.com\/wp-content\/uploads\/2025\/11\/corteza_limon_verde-600x600.webp 600w, https:\/\/zitromac.com\/wp-content\/uploads\/2025\/11\/corteza_limon_verde-150x150.webp 150w, https:\/\/zitromac.com\/wp-content\/uploads\/2025\/11\/corteza_limon_verde-768x768.webp 768w\" sizes=\"(max-width: 800px) 100vw, 800px\" \/>  <\/div><\/div><\/div>\t\t\t\t<\/div>\n\t\t\t\t<\/div>\n\t\t\t\t<\/div>\n\t\t<div class=\"elementor-element elementor-element-6dc82286 e-con-full e-flex e-con e-child\" data-id=\"6dc82286\" data-element_type=\"container\" data-e-type=\"container\">\n\t\t\t\t<div class=\"elementor-element elementor-element-3907dd34 elementor-widget elementor-widget-text-editor\" data-id=\"3907dd34\" data-element_type=\"widget\" data-e-type=\"widget\" data-widget_type=\"text-editor.default\">\n\t\t\t\t\t\t\t\t\t<p>RIND OF<br>LIME<\/p>\t\t\t\t\t\t\t\t<\/div>\n\t\t\t\t<div class=\"elementor-element elementor-element-2102403a elementor-widget elementor-widget-text-editor\" data-id=\"2102403a\" data-element_type=\"widget\" data-e-type=\"widget\" data-widget_type=\"text-editor.default\">\n\t\t\t\t\t\t\t\t\t<p>Les citrons donneront \u00e0 votre boisson une touche d&rsquo;agrume classique, cr\u00e9ant ainsi une combinaison parfaite avec n&rsquo;importe quel cocktail ou boisson m\u00e9lang\u00e9e.<\/p><p> <\/p><p>Osez-vous tenter l&rsquo;exp\u00e9rience ?<\/p>\t\t\t\t\t\t\t\t<\/div>\n\t\t\t\t<div class=\"elementor-element elementor-element-691c62cd elementor-widget elementor-widget-html\" data-id=\"691c62cd\" data-element_type=\"widget\" data-e-type=\"widget\" data-widget_type=\"html.default\">\n\t\t\t\t\t<div class=\"buy-options\">\r\n  <a class=\"buy-card buy-card--black\" href=\"https:\/\/zitromac.com\/fr\/?page_id=16965\">\r\n    <span class=\"buy-card__cta\">\r\n  Plus d'informations\r\n    <\/span>\r\n  <\/a>\r\n<\/div>\r\n\r\n \t\t\t\t<\/div>\n\t\t\t\t<\/div>\n\t\t\t\t\t<\/div>\n\t\t\t\t<\/div>\n\t\t<div class=\"elementor-element elementor-element-45fead2e e-flex e-con-boxed e-con e-parent\" data-id=\"45fead2e\" data-element_type=\"container\" data-e-type=\"container\">\n\t\t\t\t\t<div class=\"e-con-inner\">\n\t\t<div class=\"elementor-element elementor-element-33078e4b e-con-full e-flex e-con e-child\" data-id=\"33078e4b\" data-element_type=\"container\" data-e-type=\"container\">\n\t\t\t\t<div class=\"elementor-element elementor-element-1d97cd23 elementor-widget__width-auto elementor-widget-tablet__width-initial elementor-widget elementor-widget-text-editor\" data-id=\"1d97cd23\" data-element_type=\"widget\" data-e-type=\"widget\" data-widget_type=\"text-editor.default\">\n\t\t\t\t\t\t\t\t\t<p>DESCRIPTION<\/p>\t\t\t\t\t\t\t\t<\/div>\n\t\t\t\t<div class=\"elementor-element elementor-element-6c4f8e50 elementor-widget-divider--view-line elementor-widget elementor-widget-divider\" data-id=\"6c4f8e50\" data-element_type=\"widget\" data-e-type=\"widget\" data-widget_type=\"divider.default\">\n\t\t\t\t\t\t\t<div class=\"elementor-divider\">\n\t\t\t<span class=\"elementor-divider-separator\">\n\t\t\t\t\t\t<\/span>\n\t\t<\/div>\n\t\t\t\t\t\t<\/div>\n\t\t\t\t<\/div>\n\t\t\t\t<div class=\"elementor-element elementor-element-600445b8 elementor-widget elementor-widget-text-editor\" data-id=\"600445b8\" data-element_type=\"widget\" data-e-type=\"widget\" data-widget_type=\"text-editor.default\">\n\t\t\t\t\t\t\t\t\t<p>CITRON VERT - Zitromac s\u00e9lectionne les meilleurs citrons pour la transformation. Gr\u00e2ce \u00e0 notre type de d\u00e9coupe et au maintien de la cha\u00eene du froid, nous parvenons \u00e0 pr\u00e9server l&rsquo;ar\u00f4me et la saveur du fruit sans qu&rsquo;il perde ses propri\u00e9t\u00e9s. Uniquement des fruits, sans additifs, sans sucre, sans \u00e9dulcorants.<\/p><p> <\/p><p>PR\u00c9SENTATION - Le type de citron coup\u00e9 se pr\u00e9sente sous forme d&rsquo;\u00e9corce et conserve toujours la m\u00eame \u00e9paisseur. De cette mani\u00e8re, nous parvenons \u00e0 ce que toutes les cro\u00fbtes soient similaires afin de fournir le m\u00eame nombre de services pour chaque format. Les huiles se trouvent dans l&rsquo;\u00e9corce, qui est donc parfaite pour aromatiser le verre apr\u00e8s l&rsquo;avoir servi comme un \u00ab\u00a0twist\u00a0\u00bb.<\/p><p> <\/p><p>COULEUR - Vert<\/p><p> <\/p><p>CONSOMMATION PR\u00c9F\u00c9R\u00c9E - 12 jours<\/p><p> <\/p><p>CONDITIONS DE STOCKAGE - R\u00e9frig\u00e9ration 4\u00baC - 8\u00baC<\/p><p> <\/p><p>SERVICE PARFAIT - Les citrons donneront \u00e0 votre boisson une touche d&rsquo;agrume classique, cr\u00e9ant une combinaison parfaite avec n&rsquo;importe quel cocktail ou boisson m\u00e9lang\u00e9e. Id\u00e9al pour les cocktails, avec sa saveur, son acidit\u00e9 et son ar\u00f4me intenses. C&rsquo;est l&rsquo;agrume le plus utilis\u00e9 dans l&rsquo;h\u00f4tellerie, la restauration et l&rsquo;industrie des cocktails.<\/p><p> <\/p><p>ZITROMAC, ENTREPRISE - Zitromac est une entreprise innovante du secteur agroalimentaire qui se consacre \u00e0 la transformation des fruits dans diff\u00e9rents formats, n\u00e9e dans le but d&rsquo;\u00eatre un support pour le canal HORECA, pour l&rsquo;industrie alimentaire et m\u00eame pour le consommateur final. Avec le soutien du Centre national de technologie et de s\u00e9curit\u00e9 alimentaire (CNTA), nous avons d\u00e9velopp\u00e9 une ligne de R&amp;D pour lancer une s\u00e9rie de nouveaux produits sur le march\u00e9.<\/p><p> <\/p><p>ZITROMAC, PRODUITS - Zitromac propose six cat\u00e9gories de produits diff\u00e9rentes : Fruits s\u00e9ch\u00e9s, fruits lyophilis\u00e9s, poudre de fruits, fruits coup\u00e9s, perles et jus naturels. ZITROMAC, PRODUITS DE JUS - Parmi les fruits coup\u00e9s, nous trouvons : l&rsquo;\u00e9corce de citron jaune, une demi-tranche de citron jaune, l&rsquo;\u00e9corce de citron vert, une demi-tranche de citron vert, l&rsquo;\u00e9corce d&rsquo;orange, les tranches d&rsquo;orange et les quartiers de citron vert que vous pouvez acheter sur Amazon.<\/p>\t\t\t\t\t\t\t\t<\/div>\n\t\t<div class=\"elementor-element elementor-element-7d1367bb e-con-full e-flex e-con e-child\" data-id=\"7d1367bb\" data-element_type=\"container\" data-e-type=\"container\">\n\t\t\t\t<div class=\"elementor-element elementor-element-1573afe5 elementor-widget__width-initial elementor-widget-tablet__width-inherit elementor-widget elementor-widget-text-editor\" data-id=\"1573afe5\" data-element_type=\"widget\" data-e-type=\"widget\" data-widget_type=\"text-editor.default\">\n\t\t\t\t\t\t\t\t\t<p>PRODUITS APPARENT\u00c9S<\/p>\t\t\t\t\t\t\t\t<\/div>\n\t\t\t\t<div class=\"elementor-element elementor-element-6b157ab6 elementor-hidden-tablet elementor-hidden-mobile elementor-widget-divider--view-line elementor-widget elementor-widget-divider\" data-id=\"6b157ab6\" data-element_type=\"widget\" data-e-type=\"widget\" data-widget_type=\"divider.default\">\n\t\t\t\t\t\t\t<div class=\"elementor-divider\">\n\t\t\t<span class=\"elementor-divider-separator\">\n\t\t\t\t\t\t<\/span>\n\t\t<\/div>\n\t\t\t\t\t\t<\/div>\n\t\t\t\t<\/div>\n\t\t<div class=\"elementor-element elementor-element-44f78e3 e-con-full e-flex e-con e-child\" data-id=\"44f78e3\" data-element_type=\"container\" data-e-type=\"container\">\n\t\t\t\t<div class=\"elementor-element elementor-element-6291f53 elementor-widget elementor-widget-shortcode\" data-id=\"6291f53\" data-element_type=\"widget\" data-e-type=\"widget\" data-widget_type=\"shortcode.default\">\n\t\t\t\t\t\t\t<div class=\"elementor-shortcode\"><\/div>\n\t\t\t\t\t\t<\/div>\n\t\t\t\t<\/div>\n\t\t\t\t\t<\/div>\n\t\t\t\t<\/div>\n\t\t\t\t<\/div>\n\t\t","protected":false},"excerpt":{"rendered":"<p>RIND OFLIME Les citrons donneront \u00e0 votre boisson une touche d&rsquo;agrume classique, cr\u00e9ant ainsi une combinaison parfaite avec n&rsquo;importe quel cocktail ou boisson m\u00e9lang\u00e9e. Osez-vous tenter l&rsquo;exp\u00e9rience ? Plus d&rsquo;informations DESCRIPTION CITRON VERT - Zitromac s\u00e9lectionne les meilleurs citrons pour la transformation. Gr\u00e2ce \u00e0 notre type de d\u00e9coupe et au maintien de la cha\u00eene du [&hellip;]<\/p>\n","protected":false},"author":2,"featured_media":17391,"parent":17366,"menu_order":0,"comment_status":"closed","ping_status":"closed","template":"elementor_header_footer","meta":{"footnotes":""},"categories":[154],"class_list":["post-17389","page","type-page","status-publish","has-post-thumbnail","hentry","category-agrumes-aliments-prepares-a-lavance"],"yoast_head":"<!-- This site is optimized with the Yoast SEO plugin v27.3 - https:\/\/yoast.com\/product\/yoast-seo-wordpress\/ -->\n<title>LIME RIND% % - D\u00e9veloppement de Zitromac% D\u00e9veloppement de Zitromac%.<\/title>\n<meta name=\"robots\" content=\"index, follow, max-snippet:-1, max-image-preview:large, max-video-preview:-1\" \/>\n<link rel=\"canonical\" href=\"https:\/\/zitromac.com\/fr\/produits\/agrumes-fraichement-coupes\/lime-rind\/\" \/>\n<meta property=\"og:locale\" content=\"fr_FR\" \/>\n<meta property=\"og:type\" content=\"article\" \/>\n<meta property=\"og:title\" content=\"LIME RIND% % - D\u00e9veloppement de Zitromac% D\u00e9veloppement de Zitromac%.\" \/>\n<meta property=\"og:description\" content=\"RIND OFLIME Les citrons donneront \u00e0 votre boisson une touche d&rsquo;agrume classique, cr\u00e9ant ainsi une combinaison parfaite avec n&rsquo;importe quel cocktail ou boisson m\u00e9lang\u00e9e. Osez-vous tenter l&rsquo;exp\u00e9rience ? Plus d&rsquo;informations DESCRIPTION CITRON VERT - Zitromac s\u00e9lectionne les meilleurs citrons pour la transformation. Gr\u00e2ce \u00e0 notre type de d\u00e9coupe et au maintien de la cha\u00eene du [&hellip;]\" \/>\n<meta property=\"og:url\" content=\"https:\/\/zitromac.com\/fr\/produits\/agrumes-fraichement-coupes\/lime-rind\/\" \/>\n<meta property=\"og:site_name\" content=\"D\u00e9veloppement de Zitromac\" \/>\n<meta property=\"article:publisher\" content=\"https:\/\/www.facebook.com\/ZitromacSolucionesCitricas#\" \/>\n<meta property=\"article:modified_time\" content=\"2026-03-24T08:11:50+00:00\" \/>\n<meta property=\"og:image\" content=\"https:\/\/zitromac.com\/wp-content\/uploads\/2025\/11\/corteza_limon_verde.webp\" \/>\n\t<meta property=\"og:image:width\" content=\"1024\" \/>\n\t<meta property=\"og:image:height\" content=\"1024\" \/>\n\t<meta property=\"og:image:type\" content=\"image\/webp\" \/>\n<meta name=\"twitter:card\" content=\"summary_large_image\" \/>\n<meta name=\"twitter:label1\" content=\"Dur\u00e9e de lecture estim\u00e9e\" \/>\n\t<meta name=\"twitter:data1\" content=\"2 minutes\" \/>\n<script type=\"application\/ld+json\" class=\"yoast-schema-graph\">{\"@context\":\"https:\\\/\\\/schema.org\",\"@graph\":[{\"@type\":\"WebPage\",\"@id\":\"https:\\\/\\\/zitromac.com\\\/fr\\\/produits\\\/agrumes-fraichement-coupes\\\/lime-rind\\\/\",\"url\":\"https:\\\/\\\/zitromac.com\\\/fr\\\/produits\\\/agrumes-fraichement-coupes\\\/lime-rind\\\/\",\"name\":\"LIME RIND% % - D\u00e9veloppement de Zitromac% D\u00e9veloppement de Zitromac%.\",\"isPartOf\":{\"@id\":\"https:\\\/\\\/zitromac.com\\\/fr\\\/#website\"},\"primaryImageOfPage\":{\"@id\":\"https:\\\/\\\/zitromac.com\\\/fr\\\/produits\\\/agrumes-fraichement-coupes\\\/lime-rind\\\/#primaryimage\"},\"image\":{\"@id\":\"https:\\\/\\\/zitromac.com\\\/fr\\\/produits\\\/agrumes-fraichement-coupes\\\/lime-rind\\\/#primaryimage\"},\"thumbnailUrl\":\"https:\\\/\\\/zitromac.com\\\/wp-content\\\/uploads\\\/2025\\\/11\\\/corteza_limon_verde.webp\",\"datePublished\":\"2025-11-18T08:42:49+00:00\",\"dateModified\":\"2026-03-24T08:11:50+00:00\",\"breadcrumb\":{\"@id\":\"https:\\\/\\\/zitromac.com\\\/fr\\\/produits\\\/agrumes-fraichement-coupes\\\/lime-rind\\\/#breadcrumb\"},\"inLanguage\":\"fr-FR\",\"potentialAction\":[{\"@type\":\"ReadAction\",\"target\":[\"https:\\\/\\\/zitromac.com\\\/fr\\\/produits\\\/agrumes-fraichement-coupes\\\/lime-rind\\\/\"]}]},{\"@type\":\"ImageObject\",\"inLanguage\":\"fr-FR\",\"@id\":\"https:\\\/\\\/zitromac.com\\\/fr\\\/produits\\\/agrumes-fraichement-coupes\\\/lime-rind\\\/#primaryimage\",\"url\":\"https:\\\/\\\/zitromac.com\\\/wp-content\\\/uploads\\\/2025\\\/11\\\/corteza_limon_verde.webp\",\"contentUrl\":\"https:\\\/\\\/zitromac.com\\\/wp-content\\\/uploads\\\/2025\\\/11\\\/corteza_limon_verde.webp\",\"width\":1024,\"height\":1024},{\"@type\":\"BreadcrumbList\",\"@id\":\"https:\\\/\\\/zitromac.com\\\/fr\\\/produits\\\/agrumes-fraichement-coupes\\\/lime-rind\\\/#breadcrumb\",\"itemListElement\":[{\"@type\":\"ListItem\",\"position\":1,\"name\":\"Page d'accueil\",\"item\":\"https:\\\/\\\/zitromac.com\\\/fr\\\/\"},{\"@type\":\"ListItem\",\"position\":2,\"name\":\"Produits\",\"item\":\"https:\\\/\\\/zitromac.com\\\/fr\\\/productos\\\/\"},{\"@type\":\"ListItem\",\"position\":3,\"name\":\"Agrumes fra\u00eechement coup\u00e9s\",\"item\":\"https:\\\/\\\/zitromac.com\\\/fr\\\/productos\\\/fruta-cortada\\\/\"},{\"@type\":\"ListItem\",\"position\":4,\"name\":\"LIME RIND\"}]},{\"@type\":\"WebSite\",\"@id\":\"https:\\\/\\\/zitromac.com\\\/fr\\\/#website\",\"url\":\"https:\\\/\\\/zitromac.com\\\/fr\\\/\",\"name\":\"Zitromac Desarrollo\",\"description\":\"\",\"publisher\":{\"@id\":\"https:\\\/\\\/zitromac.com\\\/fr\\\/#organization\"},\"potentialAction\":[{\"@type\":\"SearchAction\",\"target\":{\"@type\":\"EntryPoint\",\"urlTemplate\":\"https:\\\/\\\/zitromac.com\\\/fr\\\/?s={search_term_string}\"},\"query-input\":{\"@type\":\"PropertyValueSpecification\",\"valueRequired\":true,\"valueName\":\"search_term_string\"}}],\"inLanguage\":\"fr-FR\"},{\"@type\":\"Organization\",\"@id\":\"https:\\\/\\\/zitromac.com\\\/fr\\\/#organization\",\"name\":\"D\u00e9veloppement de Zitromac\",\"url\":\"https:\\\/\\\/zitromac.com\\\/fr\\\/\",\"logo\":{\"@type\":\"ImageObject\",\"inLanguage\":\"fr-FR\",\"@id\":\"https:\\\/\\\/zitromac.com\\\/fr\\\/#\\\/schema\\\/logo\\\/image\\\/\",\"url\":\"https:\\\/\\\/zitromac.com\\\/wp-content\\\/uploads\\\/2026\\\/01\\\/zitromac-logo-negro.png\",\"contentUrl\":\"https:\\\/\\\/zitromac.com\\\/wp-content\\\/uploads\\\/2026\\\/01\\\/zitromac-logo-negro.png\",\"width\":860,\"height\":199,\"caption\":\"D\u00e9veloppement de Zitromac\"},\"image\":{\"@id\":\"https:\\\/\\\/zitromac.com\\\/fr\\\/#\\\/schema\\\/logo\\\/image\\\/\"},\"sameAs\":[\"https:\\\/\\\/www.facebook.com\\\/ZitromacSolucionesCitricas#\",\"https:\\\/\\\/www.instagram.com\\\/zitromac_\\\/?hl=es\"]}]}<\/script>\n<!-- \/ Yoast SEO plugin. -->","yoast_head_json":{"title":"LIME RIND% % - D\u00e9veloppement de Zitromac% D\u00e9veloppement de Zitromac%.","robots":{"index":"index","follow":"follow","max-snippet":"max-snippet:-1","max-image-preview":"max-image-preview:large","max-video-preview":"max-video-preview:-1"},"canonical":"https:\/\/zitromac.com\/fr\/produits\/agrumes-fraichement-coupes\/lime-rind\/","og_locale":"fr_FR","og_type":"article","og_title":"LIME RIND% % - D\u00e9veloppement de Zitromac% D\u00e9veloppement de Zitromac%.","og_description":"RIND OFLIME Les citrons donneront \u00e0 votre boisson une touche d&rsquo;agrume classique, cr\u00e9ant ainsi une combinaison parfaite avec n&rsquo;importe quel cocktail ou boisson m\u00e9lang\u00e9e. Osez-vous tenter l&rsquo;exp\u00e9rience ? Plus d&rsquo;informations DESCRIPTION CITRON VERT - Zitromac s\u00e9lectionne les meilleurs citrons pour la transformation. Gr\u00e2ce \u00e0 notre type de d\u00e9coupe et au maintien de la cha\u00eene du [&hellip;]","og_url":"https:\/\/zitromac.com\/fr\/produits\/agrumes-fraichement-coupes\/lime-rind\/","og_site_name":"D\u00e9veloppement de Zitromac","article_publisher":"https:\/\/www.facebook.com\/ZitromacSolucionesCitricas#","article_modified_time":"2026-03-24T08:11:50+00:00","og_image":[{"width":1024,"height":1024,"url":"https:\/\/zitromac.com\/wp-content\/uploads\/2025\/11\/corteza_limon_verde.webp","type":"image\/webp"}],"twitter_card":"summary_large_image","twitter_misc":{"Dur\u00e9e de lecture estim\u00e9e":"2 minutes"},"schema":{"@context":"https:\/\/schema.org","@graph":[{"@type":"WebPage","@id":"https:\/\/zitromac.com\/fr\/produits\/agrumes-fraichement-coupes\/lime-rind\/","url":"https:\/\/zitromac.com\/fr\/produits\/agrumes-fraichement-coupes\/lime-rind\/","name":"LIME RIND% % - D\u00e9veloppement de Zitromac% D\u00e9veloppement de Zitromac%.","isPartOf":{"@id":"https:\/\/zitromac.com\/fr\/#website"},"primaryImageOfPage":{"@id":"https:\/\/zitromac.com\/fr\/produits\/agrumes-fraichement-coupes\/lime-rind\/#primaryimage"},"image":{"@id":"https:\/\/zitromac.com\/fr\/produits\/agrumes-fraichement-coupes\/lime-rind\/#primaryimage"},"thumbnailUrl":"https:\/\/zitromac.com\/wp-content\/uploads\/2025\/11\/corteza_limon_verde.webp","datePublished":"2025-11-18T08:42:49+00:00","dateModified":"2026-03-24T08:11:50+00:00","breadcrumb":{"@id":"https:\/\/zitromac.com\/fr\/produits\/agrumes-fraichement-coupes\/lime-rind\/#breadcrumb"},"inLanguage":"fr-FR","potentialAction":[{"@type":"ReadAction","target":["https:\/\/zitromac.com\/fr\/produits\/agrumes-fraichement-coupes\/lime-rind\/"]}]},{"@type":"ImageObject","inLanguage":"fr-FR","@id":"https:\/\/zitromac.com\/fr\/produits\/agrumes-fraichement-coupes\/lime-rind\/#primaryimage","url":"https:\/\/zitromac.com\/wp-content\/uploads\/2025\/11\/corteza_limon_verde.webp","contentUrl":"https:\/\/zitromac.com\/wp-content\/uploads\/2025\/11\/corteza_limon_verde.webp","width":1024,"height":1024},{"@type":"BreadcrumbList","@id":"https:\/\/zitromac.com\/fr\/produits\/agrumes-fraichement-coupes\/lime-rind\/#breadcrumb","itemListElement":[{"@type":"ListItem","position":1,"name":"Page d'accueil","item":"https:\/\/zitromac.com\/fr\/"},{"@type":"ListItem","position":2,"name":"Produits","item":"https:\/\/zitromac.com\/fr\/productos\/"},{"@type":"ListItem","position":3,"name":"Agrumes fra\u00eechement coup\u00e9s","item":"https:\/\/zitromac.com\/fr\/productos\/fruta-cortada\/"},{"@type":"ListItem","position":4,"name":"LIME RIND"}]},{"@type":"WebSite","@id":"https:\/\/zitromac.com\/fr\/#website","url":"https:\/\/zitromac.com\/fr\/","name":"Zitromac Desarrollo","description":"","publisher":{"@id":"https:\/\/zitromac.com\/fr\/#organization"},"potentialAction":[{"@type":"SearchAction","target":{"@type":"EntryPoint","urlTemplate":"https:\/\/zitromac.com\/fr\/?s={search_term_string}"},"query-input":{"@type":"PropertyValueSpecification","valueRequired":true,"valueName":"search_term_string"}}],"inLanguage":"fr-FR"},{"@type":"Organization","@id":"https:\/\/zitromac.com\/fr\/#organization","name":"D\u00e9veloppement de Zitromac","url":"https:\/\/zitromac.com\/fr\/","logo":{"@type":"ImageObject","inLanguage":"fr-FR","@id":"https:\/\/zitromac.com\/fr\/#\/schema\/logo\/image\/","url":"https:\/\/zitromac.com\/wp-content\/uploads\/2026\/01\/zitromac-logo-negro.png","contentUrl":"https:\/\/zitromac.com\/wp-content\/uploads\/2026\/01\/zitromac-logo-negro.png","width":860,"height":199,"caption":"D\u00e9veloppement de Zitromac"},"image":{"@id":"https:\/\/zitromac.com\/fr\/#\/schema\/logo\/image\/"},"sameAs":["https:\/\/www.facebook.com\/ZitromacSolucionesCitricas#","https:\/\/www.instagram.com\/zitromac_\/?hl=es"]}]}},"_links":{"self":[{"href":"https:\/\/zitromac.com\/fr\/wp-json\/wp\/v2\/pages\/17389","targetHints":{"allow":["GET"]}}],"collection":[{"href":"https:\/\/zitromac.com\/fr\/wp-json\/wp\/v2\/pages"}],"about":[{"href":"https:\/\/zitromac.com\/fr\/wp-json\/wp\/v2\/types\/page"}],"author":[{"embeddable":true,"href":"https:\/\/zitromac.com\/fr\/wp-json\/wp\/v2\/users\/2"}],"replies":[{"embeddable":true,"href":"https:\/\/zitromac.com\/fr\/wp-json\/wp\/v2\/comments?post=17389"}],"version-history":[{"count":2,"href":"https:\/\/zitromac.com\/fr\/wp-json\/wp\/v2\/pages\/17389\/revisions"}],"predecessor-version":[{"id":17398,"href":"https:\/\/zitromac.com\/fr\/wp-json\/wp\/v2\/pages\/17389\/revisions\/17398"}],"up":[{"embeddable":true,"href":"https:\/\/zitromac.com\/fr\/wp-json\/wp\/v2\/pages\/17366"}],"wp:featuredmedia":[{"embeddable":true,"href":"https:\/\/zitromac.com\/fr\/wp-json\/wp\/v2\/media\/17391"}],"wp:attachment":[{"href":"https:\/\/zitromac.com\/fr\/wp-json\/wp\/v2\/media?parent=17389"}],"wp:term":[{"taxonomy":"category","embeddable":true,"href":"https:\/\/zitromac.com\/fr\/wp-json\/wp\/v2\/categories?post=17389"}],"curies":[{"name":"wp","href":"https:\/\/api.w.org\/{rel}","templated":true}]}}