{"id":17435,"date":"2025-11-18T09:43:30","date_gmt":"2025-11-18T09:43:30","guid":{"rendered":"https:\/\/zitromac.com\/produits\/poudre-de-fruits\/poudre-de-zeste-de-citron-deshydrate\/"},"modified":"2026-03-24T08:12:09","modified_gmt":"2026-03-24T08:12:09","slug":"poudre-de-zeste-de-citron-deshydrate","status":"publish","type":"page","link":"https:\/\/zitromac.com\/fr\/produits\/poudre-de-fruits\/poudre-de-zeste-de-citron-deshydrate\/","title":{"rendered":"POUDRE DE ZESTE DE CITRON D\u00c9SHYDRAT\u00c9"},"content":{"rendered":"\t\t<div data-elementor-type=\"wp-page\" data-elementor-id=\"17435\" class=\"elementor elementor-17435 elementor-1667\" data-elementor-post-type=\"page\">\n\t\t\t\t<div class=\"elementor-element elementor-element-2d8211e9 e-flex e-con-boxed e-con e-parent\" data-id=\"2d8211e9\" data-element_type=\"container\" data-e-type=\"container\">\n\t\t\t\t\t<div class=\"e-con-inner\">\n\t\t<div class=\"elementor-element elementor-element-5982d8ea e-con-full e-flex e-con e-child\" data-id=\"5982d8ea\" data-element_type=\"container\" data-e-type=\"container\">\n\t\t\t\t<div class=\"elementor-element elementor-element-cccc5cb elementor-widget elementor-widget-image\" data-id=\"cccc5cb\" data-element_type=\"widget\" data-e-type=\"widget\" data-widget_type=\"image.default\">\n\t\t\t\t\t\t\t\t\t\t\t\t\t\t\t<img fetchpriority=\"high\" decoding=\"async\" width=\"800\" height=\"800\" src=\"https:\/\/zitromac.com\/wp-content\/uploads\/2026\/03\/polvo-de-corteza-de-limon-deshidratado.jpg\" class=\"attachment-large size-large wp-image-17436\" alt=\"\" srcset=\"https:\/\/zitromac.com\/wp-content\/uploads\/2026\/03\/polvo-de-corteza-de-limon-deshidratado.jpg 1024w, https:\/\/zitromac.com\/wp-content\/uploads\/2026\/03\/polvo-de-corteza-de-limon-deshidratado-300x300.jpg 300w, https:\/\/zitromac.com\/wp-content\/uploads\/2026\/03\/polvo-de-corteza-de-limon-deshidratado-150x150.jpg 150w, https:\/\/zitromac.com\/wp-content\/uploads\/2026\/03\/polvo-de-corteza-de-limon-deshidratado-768x768.jpg 768w\" sizes=\"(max-width: 800px) 100vw, 800px\" \/>\t\t\t\t\t\t\t\t\t\t\t\t\t\t\t<\/div>\n\t\t\t\t<\/div>\n\t\t<div class=\"elementor-element elementor-element-256bed28 e-con-full e-flex e-con e-child\" data-id=\"256bed28\" data-element_type=\"container\" data-e-type=\"container\">\n\t\t\t\t<div class=\"elementor-element elementor-element-135ed38f elementor-widget elementor-widget-text-editor\" data-id=\"135ed38f\" data-element_type=\"widget\" data-e-type=\"widget\" data-widget_type=\"text-editor.default\">\n\t\t\t\t\t\t\t\t\t<p>POUDRE DE ZESTE DE CITRON D\u00c9SHYDRAT\u00c9<\/p>\t\t\t\t\t\t\t\t<\/div>\n\t\t\t\t<div class=\"elementor-element elementor-element-1545384 elementor-widget elementor-widget-text-editor\" data-id=\"1545384\" data-element_type=\"widget\" data-e-type=\"widget\" data-widget_type=\"text-editor.default\">\n\t\t\t\t\t\t\t\t\t<p>La poudre d&rsquo;\u00e9corce de citron d\u00e9shydrat\u00e9e se distingue par son ar\u00f4me d&rsquo;agrumes et son go\u00fbt frais, acide et l\u00e9g\u00e8rement amer. Il est parfait pour aromatiser les cocktails, les th\u00e9s, les biscuits, les p\u00e2tes, les sauces ou les vinaigrettes, en apportant la touche naturelle du citron sans qu&rsquo;il soit n\u00e9cessaire d&rsquo;utiliser des fruits frais.<\/p><p> <\/p><p>Laissez libre cours \u00e0 votre cr\u00e9ativit\u00e9 !<\/p>\t\t\t\t\t\t\t\t<\/div>\n\t\t<div class=\"elementor-element elementor-element-6c2cc48 e-con-full e-flex e-con e-child\" data-id=\"6c2cc48\" data-element_type=\"container\" data-e-type=\"container\">\n\t\t<div class=\"elementor-element elementor-element-6a5772c e-con-full e-flex e-con e-child\" data-id=\"6a5772c\" data-element_type=\"container\" data-e-type=\"container\">\n\t\t<div class=\"elementor-element elementor-element-c0b5db9 e-con-full e-flex e-con e-child\" data-id=\"c0b5db9\" data-element_type=\"container\" data-e-type=\"container\">\n\t\t\t\t<div class=\"elementor-element elementor-element-7919689d elementor-widget elementor-widget-html\" data-id=\"7919689d\" data-element_type=\"widget\" data-e-type=\"widget\" data-widget_type=\"html.default\">\n\t\t\t\t\t<div class=\"buy-options\">\n\n  <a href=\"https:\/\/zitromac.com\/fr\/?page_id=16965\" class=\"buy-card buy-card--black\">\n    <div class=\"buy-card__info\">\n      <span class=\"buy-card__title\">Pot de 200g<\/span>\n      <span class=\"buy-card__units\"><\/span>\n    <\/div>\n    <span class=\"buy-card__cta\">Plus d'informations<\/span>\n  <\/a>\n<\/div>\n  \t\t\t\t<\/div>\n\t\t\t\t<\/div>\n\t\t\t\t<\/div>\n\t\t\t\t<\/div>\n\t\t\t\t<\/div>\n\t\t\t\t\t<\/div>\n\t\t\t\t<\/div>\n\t\t<div class=\"elementor-element elementor-element-fe1b955 e-flex e-con-boxed e-con e-parent\" data-id=\"fe1b955\" data-element_type=\"container\" data-e-type=\"container\">\n\t\t\t\t\t<div class=\"e-con-inner\">\n\t\t<div class=\"elementor-element elementor-element-0afcee1 e-con-full e-flex e-con e-child\" data-id=\"0afcee1\" data-element_type=\"container\" data-e-type=\"container\">\n\t\t<div class=\"elementor-element elementor-element-3bb3173d e-con-full e-flex e-con e-child\" data-id=\"3bb3173d\" data-element_type=\"container\" data-e-type=\"container\">\n\t\t\t\t<div class=\"elementor-element elementor-element-53d8e991 elementor-widget__width-auto elementor-widget-tablet__width-initial elementor-widget elementor-widget-text-editor\" data-id=\"53d8e991\" data-element_type=\"widget\" data-e-type=\"widget\" data-widget_type=\"text-editor.default\">\n\t\t\t\t\t\t\t\t\t<p>DESCRIPTION<\/p>\t\t\t\t\t\t\t\t<\/div>\n\t\t\t\t<div class=\"elementor-element elementor-element-668be2aa elementor-widget-divider--view-line elementor-widget elementor-widget-divider\" data-id=\"668be2aa\" data-element_type=\"widget\" data-e-type=\"widget\" data-widget_type=\"divider.default\">\n\t\t\t\t\t\t\t<div class=\"elementor-divider\">\n\t\t\t<span class=\"elementor-divider-separator\">\n\t\t\t\t\t\t<\/span>\n\t\t<\/div>\n\t\t\t\t\t\t<\/div>\n\t\t\t\t<\/div>\n\t\t\t\t<div class=\"elementor-element elementor-element-29ecf2a6 elementor-widget elementor-widget-text-editor\" data-id=\"29ecf2a6\" data-element_type=\"widget\" data-e-type=\"widget\" data-widget_type=\"text-editor.default\">\n\t\t\t\t\t\t\t\t\t<p>POUDRE DE PEAUX DE CITRON DEHYDRATE - Zitromac s\u00e9lectionne des citrons de premi\u00e8re qualit\u00e9, dont les peaux sont lentement d\u00e9shydrat\u00e9es afin de conserver intactes les huiles essentielles et le caract\u00e8re aromatique de l&rsquo;agrume. Il est ensuite broy\u00e9 en une poudre fine, stable et polyvalente, sans additifs ni sucres ajout\u00e9s.<\/p><p> <\/p><p>PRESENTATION - Poudre de zeste de citron naturel, \u00e0 forte concentration d&rsquo;ar\u00f4me et de saveur.<\/p><p> <\/p><p>COULEUR - Jaune clair avec des reflets dor\u00e9s.<\/p><p> <\/p><p>CONSUMER PREFERENT - 12 mois<\/p><p> <\/p><p>SERVIR PARFAITEMENT - Aromatisez vos cocktails, th\u00e9s, desserts ou vinaigrettes. Id\u00e9al pour cr\u00e9er des bords de verres, m\u00e9langer avec du sucre glace, pr\u00e9parer des sauces aux agrumes ou rehausser l&rsquo;ar\u00f4me des p\u00e2tisseries.<\/p><p> <\/p><p>ZITROMAC, ENTREPRISE - Zitromac est une entreprise innovante du secteur agroalimentaire qui se consacre \u00e0 la transformation de fruits de diff\u00e9rents formats et vari\u00e9t\u00e9s, n\u00e9e dans le but d&rsquo;\u00eatre un support pour le canal HORECA, pour l&rsquo;industrie et m\u00eame pour le consommateur final. Gr\u00e2ce au Centre national de technologie et de s\u00e9curit\u00e9 alimentaire (CNTA), nous avons d\u00e9velopp\u00e9 une ligne de R&amp;D pour lancer une s\u00e9rie de nouveaux produits sur le march\u00e9.<\/p><p> <\/p><p>ZITROMAC, PRODUITS - Zitromac propose six cat\u00e9gories de produits diff\u00e9rentes : Fruits s\u00e9ch\u00e9s, fruits lyophilis\u00e9s, poudre de fruits, fruits coup\u00e9s, perles et jus naturels. ZITROMAC, PRODUITS EN POUDRE - Les poudres comprennent : la poudre de framboise lyophilis\u00e9e, la poudre d&rsquo;\u00e9corce de citron d\u00e9shydrat\u00e9e et la poudre d&rsquo;\u00e9corce d&rsquo;orange d\u00e9shydrat\u00e9e que vous pouvez acheter sur Amazon.<\/p>\t\t\t\t\t\t\t\t<\/div>\n\t\t\t\t<\/div>\n\t\t<div class=\"elementor-element elementor-element-74a39936 e-con-full e-flex e-con e-child\" data-id=\"74a39936\" data-element_type=\"container\" data-e-type=\"container\">\n\t\t\t\t<div class=\"elementor-element elementor-element-623abeb elementor-widget__width-initial elementor-widget-tablet__width-inherit elementor-widget elementor-widget-text-editor\" data-id=\"623abeb\" data-element_type=\"widget\" data-e-type=\"widget\" data-widget_type=\"text-editor.default\">\n\t\t\t\t\t\t\t\t\tPRODUITS APPARENT\u00c9S <\/br>\t\t\t\t\t\t\t\t<\/div>\n\t\t\t\t<div class=\"elementor-element elementor-element-0dfafdc elementor-hidden-tablet elementor-hidden-mobile elementor-widget-divider--view-line elementor-widget elementor-widget-divider\" data-id=\"0dfafdc\" data-element_type=\"widget\" data-e-type=\"widget\" data-widget_type=\"divider.default\">\n\t\t\t\t\t\t\t<div class=\"elementor-divider\">\n\t\t\t<span class=\"elementor-divider-separator\">\n\t\t\t\t\t\t<\/span>\n\t\t<\/div>\n\t\t\t\t\t\t<\/div>\n\t\t\t\t<\/div>\n\t\t<div class=\"elementor-element elementor-element-7b9ca06 e-con-full e-flex e-con e-child\" data-id=\"7b9ca06\" data-element_type=\"container\" data-e-type=\"container\">\n\t\t\t\t<div class=\"elementor-element elementor-element-cb67a1c elementor-widget elementor-widget-shortcode\" data-id=\"cb67a1c\" data-element_type=\"widget\" data-e-type=\"widget\" data-widget_type=\"shortcode.default\">\n\t\t\t\t\t\t\t<div class=\"elementor-shortcode\"><\/div>\n\t\t\t\t\t\t<\/div>\n\t\t\t\t<\/div>\n\t\t\t\t\t<\/div>\n\t\t\t\t<\/div>\n\t\t\t\t<\/div>\n\t\t","protected":false},"excerpt":{"rendered":"<p>POUDRE DE ZESTE DE CITRON D\u00c9SHYDRAT\u00c9 La poudre d&rsquo;\u00e9corce de citron d\u00e9shydrat\u00e9e se distingue par son ar\u00f4me d&rsquo;agrumes et son go\u00fbt frais, acide et l\u00e9g\u00e8rement amer. Il est parfait pour aromatiser les cocktails, les th\u00e9s, les biscuits, les p\u00e2tes, les sauces ou les vinaigrettes, en apportant la touche naturelle du citron sans qu&rsquo;il soit n\u00e9cessaire [&hellip;]<\/p>\n","protected":false},"author":2,"featured_media":17052,"parent":17046,"menu_order":0,"comment_status":"closed","ping_status":"closed","template":"elementor_header_footer","meta":{"footnotes":""},"categories":[146],"class_list":["post-17435","page","type-page","status-publish","has-post-thumbnail","hentry","category-poudre-de-fruits"],"yoast_head":"<!-- This site is optimized with the Yoast SEO plugin v27.3 - https:\/\/yoast.com\/product\/yoast-seo-wordpress\/ -->\n<title>POUDRE DE ZESTE DE CITRON D\u00c9SHYDRAT\u00c9% % - D\u00e9veloppement de Zitromac% D\u00e9veloppement de Zitromac%.<\/title>\n<meta name=\"robots\" content=\"index, follow, max-snippet:-1, max-image-preview:large, max-video-preview:-1\" \/>\n<link rel=\"canonical\" href=\"https:\/\/zitromac.com\/fr\/produits\/poudre-de-fruits\/poudre-de-zeste-de-citron-deshydrate\/\" \/>\n<meta property=\"og:locale\" content=\"fr_FR\" \/>\n<meta property=\"og:type\" content=\"article\" \/>\n<meta property=\"og:title\" content=\"POUDRE DE ZESTE DE CITRON D\u00c9SHYDRAT\u00c9% % - D\u00e9veloppement de Zitromac% D\u00e9veloppement de Zitromac%.\" \/>\n<meta property=\"og:description\" content=\"POUDRE DE ZESTE DE CITRON D\u00c9SHYDRAT\u00c9 La poudre d&rsquo;\u00e9corce de citron d\u00e9shydrat\u00e9e se distingue par son ar\u00f4me d&rsquo;agrumes et son go\u00fbt frais, acide et l\u00e9g\u00e8rement amer. Il est parfait pour aromatiser les cocktails, les th\u00e9s, les biscuits, les p\u00e2tes, les sauces ou les vinaigrettes, en apportant la touche naturelle du citron sans qu&rsquo;il soit n\u00e9cessaire [&hellip;]\" \/>\n<meta property=\"og:url\" content=\"https:\/\/zitromac.com\/fr\/produits\/poudre-de-fruits\/poudre-de-zeste-de-citron-deshydrate\/\" \/>\n<meta property=\"og:site_name\" content=\"D\u00e9veloppement de Zitromac\" \/>\n<meta property=\"article:publisher\" content=\"https:\/\/www.facebook.com\/ZitromacSolucionesCitricas#\" \/>\n<meta property=\"article:modified_time\" content=\"2026-03-24T08:12:09+00:00\" \/>\n<meta property=\"og:image\" content=\"https:\/\/zitromac.com\/wp-content\/uploads\/2026\/03\/polvo-de-corteza-de-limon-deshidratado-1.jpg\" \/>\n\t<meta property=\"og:image:width\" content=\"1024\" \/>\n\t<meta property=\"og:image:height\" content=\"1024\" \/>\n\t<meta property=\"og:image:type\" content=\"image\/jpeg\" \/>\n<meta name=\"twitter:card\" content=\"summary_large_image\" \/>\n<meta name=\"twitter:label1\" content=\"Dur\u00e9e de lecture estim\u00e9e\" \/>\n\t<meta name=\"twitter:data1\" content=\"2 minutes\" \/>\n<script type=\"application\/ld+json\" class=\"yoast-schema-graph\">{\"@context\":\"https:\\\/\\\/schema.org\",\"@graph\":[{\"@type\":\"WebPage\",\"@id\":\"https:\\\/\\\/zitromac.com\\\/fr\\\/produits\\\/poudre-de-fruits\\\/poudre-de-zeste-de-citron-deshydrate\\\/\",\"url\":\"https:\\\/\\\/zitromac.com\\\/fr\\\/produits\\\/poudre-de-fruits\\\/poudre-de-zeste-de-citron-deshydrate\\\/\",\"name\":\"POUDRE DE ZESTE DE CITRON D\u00c9SHYDRAT\u00c9% % - D\u00e9veloppement de Zitromac% D\u00e9veloppement de Zitromac%.\",\"isPartOf\":{\"@id\":\"https:\\\/\\\/zitromac.com\\\/fr\\\/#website\"},\"primaryImageOfPage\":{\"@id\":\"https:\\\/\\\/zitromac.com\\\/fr\\\/produits\\\/poudre-de-fruits\\\/poudre-de-zeste-de-citron-deshydrate\\\/#primaryimage\"},\"image\":{\"@id\":\"https:\\\/\\\/zitromac.com\\\/fr\\\/produits\\\/poudre-de-fruits\\\/poudre-de-zeste-de-citron-deshydrate\\\/#primaryimage\"},\"thumbnailUrl\":\"https:\\\/\\\/zitromac.com\\\/wp-content\\\/uploads\\\/2026\\\/03\\\/polvo-de-corteza-de-limon-deshidratado-1.jpg\",\"datePublished\":\"2025-11-18T09:43:30+00:00\",\"dateModified\":\"2026-03-24T08:12:09+00:00\",\"breadcrumb\":{\"@id\":\"https:\\\/\\\/zitromac.com\\\/fr\\\/produits\\\/poudre-de-fruits\\\/poudre-de-zeste-de-citron-deshydrate\\\/#breadcrumb\"},\"inLanguage\":\"fr-FR\",\"potentialAction\":[{\"@type\":\"ReadAction\",\"target\":[\"https:\\\/\\\/zitromac.com\\\/fr\\\/produits\\\/poudre-de-fruits\\\/poudre-de-zeste-de-citron-deshydrate\\\/\"]}]},{\"@type\":\"ImageObject\",\"inLanguage\":\"fr-FR\",\"@id\":\"https:\\\/\\\/zitromac.com\\\/fr\\\/produits\\\/poudre-de-fruits\\\/poudre-de-zeste-de-citron-deshydrate\\\/#primaryimage\",\"url\":\"https:\\\/\\\/zitromac.com\\\/wp-content\\\/uploads\\\/2026\\\/03\\\/polvo-de-corteza-de-limon-deshidratado-1.jpg\",\"contentUrl\":\"https:\\\/\\\/zitromac.com\\\/wp-content\\\/uploads\\\/2026\\\/03\\\/polvo-de-corteza-de-limon-deshidratado-1.jpg\",\"width\":1024,\"height\":1024},{\"@type\":\"BreadcrumbList\",\"@id\":\"https:\\\/\\\/zitromac.com\\\/fr\\\/produits\\\/poudre-de-fruits\\\/poudre-de-zeste-de-citron-deshydrate\\\/#breadcrumb\",\"itemListElement\":[{\"@type\":\"ListItem\",\"position\":1,\"name\":\"Page d'accueil\",\"item\":\"https:\\\/\\\/zitromac.com\\\/fr\\\/\"},{\"@type\":\"ListItem\",\"position\":2,\"name\":\"Produits\",\"item\":\"https:\\\/\\\/zitromac.com\\\/fr\\\/productos\\\/\"},{\"@type\":\"ListItem\",\"position\":3,\"name\":\"Poudre de fruits\",\"item\":\"https:\\\/\\\/zitromac.com\\\/fr\\\/productos\\\/polvo-de-fruta\\\/\"},{\"@type\":\"ListItem\",\"position\":4,\"name\":\"POUDRE DE ZESTE DE CITRON D\u00c9SHYDRAT\u00c9\"}]},{\"@type\":\"WebSite\",\"@id\":\"https:\\\/\\\/zitromac.com\\\/fr\\\/#website\",\"url\":\"https:\\\/\\\/zitromac.com\\\/fr\\\/\",\"name\":\"Zitromac Desarrollo\",\"description\":\"\",\"publisher\":{\"@id\":\"https:\\\/\\\/zitromac.com\\\/fr\\\/#organization\"},\"potentialAction\":[{\"@type\":\"SearchAction\",\"target\":{\"@type\":\"EntryPoint\",\"urlTemplate\":\"https:\\\/\\\/zitromac.com\\\/fr\\\/?s={search_term_string}\"},\"query-input\":{\"@type\":\"PropertyValueSpecification\",\"valueRequired\":true,\"valueName\":\"search_term_string\"}}],\"inLanguage\":\"fr-FR\"},{\"@type\":\"Organization\",\"@id\":\"https:\\\/\\\/zitromac.com\\\/fr\\\/#organization\",\"name\":\"D\u00e9veloppement de Zitromac\",\"url\":\"https:\\\/\\\/zitromac.com\\\/fr\\\/\",\"logo\":{\"@type\":\"ImageObject\",\"inLanguage\":\"fr-FR\",\"@id\":\"https:\\\/\\\/zitromac.com\\\/fr\\\/#\\\/schema\\\/logo\\\/image\\\/\",\"url\":\"https:\\\/\\\/zitromac.com\\\/wp-content\\\/uploads\\\/2026\\\/01\\\/zitromac-logo-negro.png\",\"contentUrl\":\"https:\\\/\\\/zitromac.com\\\/wp-content\\\/uploads\\\/2026\\\/01\\\/zitromac-logo-negro.png\",\"width\":860,\"height\":199,\"caption\":\"D\u00e9veloppement de Zitromac\"},\"image\":{\"@id\":\"https:\\\/\\\/zitromac.com\\\/fr\\\/#\\\/schema\\\/logo\\\/image\\\/\"},\"sameAs\":[\"https:\\\/\\\/www.facebook.com\\\/ZitromacSolucionesCitricas#\",\"https:\\\/\\\/www.instagram.com\\\/zitromac_\\\/?hl=es\"]}]}<\/script>\n<!-- \/ Yoast SEO plugin. -->","yoast_head_json":{"title":"POUDRE DE ZESTE DE CITRON D\u00c9SHYDRAT\u00c9% % - D\u00e9veloppement de Zitromac% D\u00e9veloppement de Zitromac%.","robots":{"index":"index","follow":"follow","max-snippet":"max-snippet:-1","max-image-preview":"max-image-preview:large","max-video-preview":"max-video-preview:-1"},"canonical":"https:\/\/zitromac.com\/fr\/produits\/poudre-de-fruits\/poudre-de-zeste-de-citron-deshydrate\/","og_locale":"fr_FR","og_type":"article","og_title":"POUDRE DE ZESTE DE CITRON D\u00c9SHYDRAT\u00c9% % - D\u00e9veloppement de Zitromac% D\u00e9veloppement de Zitromac%.","og_description":"POUDRE DE ZESTE DE CITRON D\u00c9SHYDRAT\u00c9 La poudre d&rsquo;\u00e9corce de citron d\u00e9shydrat\u00e9e se distingue par son ar\u00f4me d&rsquo;agrumes et son go\u00fbt frais, acide et l\u00e9g\u00e8rement amer. Il est parfait pour aromatiser les cocktails, les th\u00e9s, les biscuits, les p\u00e2tes, les sauces ou les vinaigrettes, en apportant la touche naturelle du citron sans qu&rsquo;il soit n\u00e9cessaire [&hellip;]","og_url":"https:\/\/zitromac.com\/fr\/produits\/poudre-de-fruits\/poudre-de-zeste-de-citron-deshydrate\/","og_site_name":"D\u00e9veloppement de Zitromac","article_publisher":"https:\/\/www.facebook.com\/ZitromacSolucionesCitricas#","article_modified_time":"2026-03-24T08:12:09+00:00","og_image":[{"width":1024,"height":1024,"url":"https:\/\/zitromac.com\/wp-content\/uploads\/2026\/03\/polvo-de-corteza-de-limon-deshidratado-1.jpg","type":"image\/jpeg"}],"twitter_card":"summary_large_image","twitter_misc":{"Dur\u00e9e de lecture estim\u00e9e":"2 minutes"},"schema":{"@context":"https:\/\/schema.org","@graph":[{"@type":"WebPage","@id":"https:\/\/zitromac.com\/fr\/produits\/poudre-de-fruits\/poudre-de-zeste-de-citron-deshydrate\/","url":"https:\/\/zitromac.com\/fr\/produits\/poudre-de-fruits\/poudre-de-zeste-de-citron-deshydrate\/","name":"POUDRE DE ZESTE DE CITRON D\u00c9SHYDRAT\u00c9% % - D\u00e9veloppement de Zitromac% D\u00e9veloppement de Zitromac%.","isPartOf":{"@id":"https:\/\/zitromac.com\/fr\/#website"},"primaryImageOfPage":{"@id":"https:\/\/zitromac.com\/fr\/produits\/poudre-de-fruits\/poudre-de-zeste-de-citron-deshydrate\/#primaryimage"},"image":{"@id":"https:\/\/zitromac.com\/fr\/produits\/poudre-de-fruits\/poudre-de-zeste-de-citron-deshydrate\/#primaryimage"},"thumbnailUrl":"https:\/\/zitromac.com\/wp-content\/uploads\/2026\/03\/polvo-de-corteza-de-limon-deshidratado-1.jpg","datePublished":"2025-11-18T09:43:30+00:00","dateModified":"2026-03-24T08:12:09+00:00","breadcrumb":{"@id":"https:\/\/zitromac.com\/fr\/produits\/poudre-de-fruits\/poudre-de-zeste-de-citron-deshydrate\/#breadcrumb"},"inLanguage":"fr-FR","potentialAction":[{"@type":"ReadAction","target":["https:\/\/zitromac.com\/fr\/produits\/poudre-de-fruits\/poudre-de-zeste-de-citron-deshydrate\/"]}]},{"@type":"ImageObject","inLanguage":"fr-FR","@id":"https:\/\/zitromac.com\/fr\/produits\/poudre-de-fruits\/poudre-de-zeste-de-citron-deshydrate\/#primaryimage","url":"https:\/\/zitromac.com\/wp-content\/uploads\/2026\/03\/polvo-de-corteza-de-limon-deshidratado-1.jpg","contentUrl":"https:\/\/zitromac.com\/wp-content\/uploads\/2026\/03\/polvo-de-corteza-de-limon-deshidratado-1.jpg","width":1024,"height":1024},{"@type":"BreadcrumbList","@id":"https:\/\/zitromac.com\/fr\/produits\/poudre-de-fruits\/poudre-de-zeste-de-citron-deshydrate\/#breadcrumb","itemListElement":[{"@type":"ListItem","position":1,"name":"Page d'accueil","item":"https:\/\/zitromac.com\/fr\/"},{"@type":"ListItem","position":2,"name":"Produits","item":"https:\/\/zitromac.com\/fr\/productos\/"},{"@type":"ListItem","position":3,"name":"Poudre de fruits","item":"https:\/\/zitromac.com\/fr\/productos\/polvo-de-fruta\/"},{"@type":"ListItem","position":4,"name":"POUDRE DE ZESTE DE CITRON D\u00c9SHYDRAT\u00c9"}]},{"@type":"WebSite","@id":"https:\/\/zitromac.com\/fr\/#website","url":"https:\/\/zitromac.com\/fr\/","name":"Zitromac Desarrollo","description":"","publisher":{"@id":"https:\/\/zitromac.com\/fr\/#organization"},"potentialAction":[{"@type":"SearchAction","target":{"@type":"EntryPoint","urlTemplate":"https:\/\/zitromac.com\/fr\/?s={search_term_string}"},"query-input":{"@type":"PropertyValueSpecification","valueRequired":true,"valueName":"search_term_string"}}],"inLanguage":"fr-FR"},{"@type":"Organization","@id":"https:\/\/zitromac.com\/fr\/#organization","name":"D\u00e9veloppement de Zitromac","url":"https:\/\/zitromac.com\/fr\/","logo":{"@type":"ImageObject","inLanguage":"fr-FR","@id":"https:\/\/zitromac.com\/fr\/#\/schema\/logo\/image\/","url":"https:\/\/zitromac.com\/wp-content\/uploads\/2026\/01\/zitromac-logo-negro.png","contentUrl":"https:\/\/zitromac.com\/wp-content\/uploads\/2026\/01\/zitromac-logo-negro.png","width":860,"height":199,"caption":"D\u00e9veloppement de Zitromac"},"image":{"@id":"https:\/\/zitromac.com\/fr\/#\/schema\/logo\/image\/"},"sameAs":["https:\/\/www.facebook.com\/ZitromacSolucionesCitricas#","https:\/\/www.instagram.com\/zitromac_\/?hl=es"]}]}},"_links":{"self":[{"href":"https:\/\/zitromac.com\/fr\/wp-json\/wp\/v2\/pages\/17435","targetHints":{"allow":["GET"]}}],"collection":[{"href":"https:\/\/zitromac.com\/fr\/wp-json\/wp\/v2\/pages"}],"about":[{"href":"https:\/\/zitromac.com\/fr\/wp-json\/wp\/v2\/types\/page"}],"author":[{"embeddable":true,"href":"https:\/\/zitromac.com\/fr\/wp-json\/wp\/v2\/users\/2"}],"replies":[{"embeddable":true,"href":"https:\/\/zitromac.com\/fr\/wp-json\/wp\/v2\/comments?post=17435"}],"version-history":[{"count":2,"href":"https:\/\/zitromac.com\/fr\/wp-json\/wp\/v2\/pages\/17435\/revisions"}],"predecessor-version":[{"id":17438,"href":"https:\/\/zitromac.com\/fr\/wp-json\/wp\/v2\/pages\/17435\/revisions\/17438"}],"up":[{"embeddable":true,"href":"https:\/\/zitromac.com\/fr\/wp-json\/wp\/v2\/pages\/17046"}],"wp:featuredmedia":[{"embeddable":true,"href":"https:\/\/zitromac.com\/fr\/wp-json\/wp\/v2\/media\/17052"}],"wp:attachment":[{"href":"https:\/\/zitromac.com\/fr\/wp-json\/wp\/v2\/media?parent=17435"}],"wp:term":[{"taxonomy":"category","embeddable":true,"href":"https:\/\/zitromac.com\/fr\/wp-json\/wp\/v2\/categories?post=17435"}],"curies":[{"name":"wp","href":"https:\/\/api.w.org\/{rel}","templated":true}]}}